{"id":6657,"date":"2025-11-15T14:05:29","date_gmt":"2025-11-15T14:05:29","guid":{"rendered":"https:\/\/citiz-on.com\/?page_id=6657"},"modified":"2025-12-26T18:30:26","modified_gmt":"2025-12-26T18:30:26","slug":"visiter-les-villes-du-maroc-avec-citizon","status":"publish","type":"page","link":"https:\/\/citiz-on.com\/fr\/visiter-les-villes-du-maroc-avec-citizon\/","title":{"rendered":"Visiter les Villes du Maroc avec CitizOn"},"content":{"rendered":"\n<p>D\u00e9couvrir une ville demande du temps, du regard et de la pr\u00e9cision. Entre les monuments visibles et les traces plus discr\u00e8tes, entre les r\u00e9cits officiels et les histoires locales, chaque territoire du Maroc porte une m\u00e9moire dense, parfois m\u00e9connue, souvent sous-estim\u00e9e. CitizOn s\u2019est construit autour d\u2019une id\u00e9e simple : permettre \u00e0 chacun d\u2019<a href=\"https:\/\/app.citiz-on.com\/fr\/6833-circuits-liste\">explorer les villes marocaines<\/a> au rythme qui lui convient, sans contrainte d\u2019horaire, sans groupe impos\u00e9, et sans d\u00e9pendre d\u2019un guide physique. L\u2019audioguide vous accompagne pas \u00e0 pas, dans une immersion continue, de mani\u00e8re autonome, accessible et exigeante. <\/p>\n\n\n\n<p><\/p>\n\n\n\n<div class=\"wp-block-columns is-layout-flex wp-container-core-columns-is-layout-9d6595d7 wp-block-columns-is-layout-flex\">\n<div class=\"wp-block-column is-layout-flow wp-block-column-is-layout-flow\">\n<figure class=\"wp-block-image size-full\"><a href=\"https:\/\/app.citiz-on.com\/fr\/6833-circuits-liste\"><img loading=\"lazy\" decoding=\"async\" width=\"700\" height=\"308\" src=\"https:\/\/citiz-on.com\/wp-content\/uploads\/2025\/11\/67e927b44433a410071825.png.webp\" alt=\"\" class=\"wp-image-6658\" srcset=\"https:\/\/citiz-on.com\/wp-content\/uploads\/2025\/11\/67e927b44433a410071825.png.webp 700w, https:\/\/citiz-on.com\/wp-content\/uploads\/2025\/11\/67e927b44433a410071825.png-300x132.webp 300w, https:\/\/citiz-on.com\/wp-content\/uploads\/2025\/11\/67e927b44433a410071825.png-100x44.webp 100w, https:\/\/citiz-on.com\/wp-content\/uploads\/2025\/11\/67e927b44433a410071825.png-18x8.webp 18w\" sizes=\"auto, (max-width: 700px) 100vw, 700px\" \/><\/a><\/figure>\n<\/div>\n\n\n\n<div class=\"wp-block-column is-layout-flow wp-block-column-is-layout-flow\">\n<figure class=\"wp-block-image size-full\"><a href=\"https:\/\/app.citiz-on.com\/fr\/6833-circuits-liste\"><img loading=\"lazy\" decoding=\"async\" width=\"700\" height=\"308\" src=\"http:\/\/citiz-on.com\/wp-content\/uploads\/2025\/11\/685948914ec99321234350.png.webp\" alt=\"\" class=\"wp-image-6676\" srcset=\"https:\/\/citiz-on.com\/wp-content\/uploads\/2025\/11\/685948914ec99321234350.png.webp 700w, https:\/\/citiz-on.com\/wp-content\/uploads\/2025\/11\/685948914ec99321234350.png-300x132.webp 300w, https:\/\/citiz-on.com\/wp-content\/uploads\/2025\/11\/685948914ec99321234350.png-100x44.webp 100w, https:\/\/citiz-on.com\/wp-content\/uploads\/2025\/11\/685948914ec99321234350.png-18x8.webp 18w\" sizes=\"auto, (max-width: 700px) 100vw, 700px\" \/><\/a><\/figure>\n<\/div>\n\n\n\n<div class=\"wp-block-column is-layout-flow wp-block-column-is-layout-flow\">\n<figure class=\"wp-block-image size-full\"><a href=\"https:\/\/app.citiz-on.com\/fr\/6833-circuits-liste\"><img loading=\"lazy\" decoding=\"async\" width=\"700\" height=\"308\" src=\"http:\/\/citiz-on.com\/wp-content\/uploads\/2025\/11\/685944103354b931845778.png.webp\" alt=\"\" class=\"wp-image-6674\" srcset=\"https:\/\/citiz-on.com\/wp-content\/uploads\/2025\/11\/685944103354b931845778.png.webp 700w, https:\/\/citiz-on.com\/wp-content\/uploads\/2025\/11\/685944103354b931845778.png-300x132.webp 300w, https:\/\/citiz-on.com\/wp-content\/uploads\/2025\/11\/685944103354b931845778.png-100x44.webp 100w, https:\/\/citiz-on.com\/wp-content\/uploads\/2025\/11\/685944103354b931845778.png-18x8.webp 18w\" sizes=\"auto, (max-width: 700px) 100vw, 700px\" \/><\/a><\/figure>\n<\/div>\n<\/div>\n\n\n\n<div class=\"wp-block-columns is-layout-flex wp-container-core-columns-is-layout-9d6595d7 wp-block-columns-is-layout-flex\">\n<div class=\"wp-block-column is-layout-flow wp-block-column-is-layout-flow\">\n<figure class=\"wp-block-image size-full\"><a href=\"https:\/\/app.citiz-on.com\/fr\/6833-circuits-liste\"><img loading=\"lazy\" decoding=\"async\" width=\"700\" height=\"308\" src=\"http:\/\/citiz-on.com\/wp-content\/uploads\/2025\/11\/6859487d14c27632307259.png.webp\" alt=\"\" class=\"wp-image-6663\" srcset=\"https:\/\/citiz-on.com\/wp-content\/uploads\/2025\/11\/6859487d14c27632307259.png.webp 700w, https:\/\/citiz-on.com\/wp-content\/uploads\/2025\/11\/6859487d14c27632307259.png-300x132.webp 300w, https:\/\/citiz-on.com\/wp-content\/uploads\/2025\/11\/6859487d14c27632307259.png-100x44.webp 100w, https:\/\/citiz-on.com\/wp-content\/uploads\/2025\/11\/6859487d14c27632307259.png-18x8.webp 18w\" sizes=\"auto, (max-width: 700px) 100vw, 700px\" \/><\/a><\/figure>\n<\/div>\n\n\n\n<div class=\"wp-block-column is-layout-flow wp-block-column-is-layout-flow\">\n<figure class=\"wp-block-image size-full\"><a href=\"https:\/\/app.citiz-on.com\/fr\/6833-circuits-liste\"><img loading=\"lazy\" decoding=\"async\" width=\"700\" height=\"308\" src=\"http:\/\/citiz-on.com\/wp-content\/uploads\/2025\/11\/685943791bc9c447035149.png.webp\" alt=\"\" class=\"wp-image-6673\" srcset=\"https:\/\/citiz-on.com\/wp-content\/uploads\/2025\/11\/685943791bc9c447035149.png.webp 700w, https:\/\/citiz-on.com\/wp-content\/uploads\/2025\/11\/685943791bc9c447035149.png-300x132.webp 300w, https:\/\/citiz-on.com\/wp-content\/uploads\/2025\/11\/685943791bc9c447035149.png-100x44.webp 100w, https:\/\/citiz-on.com\/wp-content\/uploads\/2025\/11\/685943791bc9c447035149.png-18x8.webp 18w\" sizes=\"auto, (max-width: 700px) 100vw, 700px\" \/><\/a><\/figure>\n<\/div>\n\n\n\n<div class=\"wp-block-column is-layout-flow wp-block-column-is-layout-flow\"><\/div>\n<\/div>\n\n\n\n<div class=\"wp-block-columns is-layout-flex wp-container-core-columns-is-layout-9d6595d7 wp-block-columns-is-layout-flex\">\n<div class=\"wp-block-column is-layout-flow wp-block-column-is-layout-flow\">\n<figure class=\"wp-block-image size-full\"><a href=\"https:\/\/app.citiz-on.com\/fr\/6833-circuits-liste\"><img loading=\"lazy\" decoding=\"async\" width=\"700\" height=\"308\" src=\"http:\/\/citiz-on.com\/wp-content\/uploads\/2025\/11\/689b3910e64be395598221.png.webp\" alt=\"\" class=\"wp-image-6664\" srcset=\"https:\/\/citiz-on.com\/wp-content\/uploads\/2025\/11\/689b3910e64be395598221.png.webp 700w, https:\/\/citiz-on.com\/wp-content\/uploads\/2025\/11\/689b3910e64be395598221.png-300x132.webp 300w, https:\/\/citiz-on.com\/wp-content\/uploads\/2025\/11\/689b3910e64be395598221.png-100x44.webp 100w, https:\/\/citiz-on.com\/wp-content\/uploads\/2025\/11\/689b3910e64be395598221.png-18x8.webp 18w\" sizes=\"auto, (max-width: 700px) 100vw, 700px\" \/><\/a><\/figure>\n<\/div>\n\n\n\n<div class=\"wp-block-column is-layout-flow wp-block-column-is-layout-flow\">\n<figure class=\"wp-block-image size-full\"><a href=\"https:\/\/app.citiz-on.com\/fr\/6833-circuits-liste\"><img loading=\"lazy\" decoding=\"async\" width=\"700\" height=\"308\" src=\"http:\/\/citiz-on.com\/wp-content\/uploads\/2025\/11\/689b39112c1b1506541890.png.webp\" alt=\"\" class=\"wp-image-6665\" srcset=\"https:\/\/citiz-on.com\/wp-content\/uploads\/2025\/11\/689b39112c1b1506541890.png.webp 700w, https:\/\/citiz-on.com\/wp-content\/uploads\/2025\/11\/689b39112c1b1506541890.png-300x132.webp 300w, https:\/\/citiz-on.com\/wp-content\/uploads\/2025\/11\/689b39112c1b1506541890.png-100x44.webp 100w, https:\/\/citiz-on.com\/wp-content\/uploads\/2025\/11\/689b39112c1b1506541890.png-18x8.webp 18w\" sizes=\"auto, (max-width: 700px) 100vw, 700px\" \/><\/a><\/figure>\n<\/div>\n\n\n\n<div class=\"wp-block-column is-layout-flow wp-block-column-is-layout-flow\">\n<figure class=\"wp-block-image size-full\"><a href=\"https:\/\/app.citiz-on.com\/fr\/6833-circuits-liste\"><img loading=\"lazy\" decoding=\"async\" width=\"700\" height=\"308\" src=\"http:\/\/citiz-on.com\/wp-content\/uploads\/2025\/11\/689b391145d73053155915.png.webp\" alt=\"\" class=\"wp-image-6668\" srcset=\"https:\/\/citiz-on.com\/wp-content\/uploads\/2025\/11\/689b391145d73053155915.png.webp 700w, https:\/\/citiz-on.com\/wp-content\/uploads\/2025\/11\/689b391145d73053155915.png-300x132.webp 300w, https:\/\/citiz-on.com\/wp-content\/uploads\/2025\/11\/689b391145d73053155915.png-100x44.webp 100w, https:\/\/citiz-on.com\/wp-content\/uploads\/2025\/11\/689b391145d73053155915.png-18x8.webp 18w\" sizes=\"auto, (max-width: 700px) 100vw, 700px\" \/><\/a><\/figure>\n<\/div>\n<\/div>\n\n\n\n<div class=\"wp-block-columns is-layout-flex wp-container-core-columns-is-layout-9d6595d7 wp-block-columns-is-layout-flex\">\n<div class=\"wp-block-column is-layout-flow wp-block-column-is-layout-flow\">\n<figure class=\"wp-block-image size-full\"><a href=\"https:\/\/app.citiz-on.com\/fr\/6833-circuits-liste\"><img loading=\"lazy\" decoding=\"async\" width=\"700\" height=\"308\" src=\"http:\/\/citiz-on.com\/wp-content\/uploads\/2025\/11\/689b39115ed87888844844.png.webp\" alt=\"\" class=\"wp-image-6669\" srcset=\"https:\/\/citiz-on.com\/wp-content\/uploads\/2025\/11\/689b39115ed87888844844.png.webp 700w, https:\/\/citiz-on.com\/wp-content\/uploads\/2025\/11\/689b39115ed87888844844.png-300x132.webp 300w, https:\/\/citiz-on.com\/wp-content\/uploads\/2025\/11\/689b39115ed87888844844.png-100x44.webp 100w, https:\/\/citiz-on.com\/wp-content\/uploads\/2025\/11\/689b39115ed87888844844.png-18x8.webp 18w\" sizes=\"auto, (max-width: 700px) 100vw, 700px\" \/><\/a><\/figure>\n<\/div>\n\n\n\n<div class=\"wp-block-column is-layout-flow wp-block-column-is-layout-flow\">\n<figure class=\"wp-block-image size-full\"><a href=\"https:\/\/app.citiz-on.com\/fr\/6833-circuits-liste\"><img loading=\"lazy\" decoding=\"async\" width=\"700\" height=\"308\" src=\"http:\/\/citiz-on.com\/wp-content\/uploads\/2025\/11\/689b391172ebb821298471.png.webp\" alt=\"\" class=\"wp-image-6671\" srcset=\"https:\/\/citiz-on.com\/wp-content\/uploads\/2025\/11\/689b391172ebb821298471.png.webp 700w, https:\/\/citiz-on.com\/wp-content\/uploads\/2025\/11\/689b391172ebb821298471.png-300x132.webp 300w, https:\/\/citiz-on.com\/wp-content\/uploads\/2025\/11\/689b391172ebb821298471.png-100x44.webp 100w, https:\/\/citiz-on.com\/wp-content\/uploads\/2025\/11\/689b391172ebb821298471.png-18x8.webp 18w\" sizes=\"auto, (max-width: 700px) 100vw, 700px\" \/><\/a><\/figure>\n<\/div>\n\n\n\n<div class=\"wp-block-column is-layout-flow wp-block-column-is-layout-flow\">\n<figure class=\"wp-block-image size-full\"><a href=\"https:\/\/app.citiz-on.com\/fr\/6833-circuits-liste\"><img loading=\"lazy\" decoding=\"async\" width=\"700\" height=\"308\" src=\"http:\/\/citiz-on.com\/wp-content\/uploads\/2025\/11\/689b391184e6d281934484.png.webp\" alt=\"\" class=\"wp-image-6672\" srcset=\"https:\/\/citiz-on.com\/wp-content\/uploads\/2025\/11\/689b391184e6d281934484.png.webp 700w, https:\/\/citiz-on.com\/wp-content\/uploads\/2025\/11\/689b391184e6d281934484.png-300x132.webp 300w, https:\/\/citiz-on.com\/wp-content\/uploads\/2025\/11\/689b391184e6d281934484.png-100x44.webp 100w, https:\/\/citiz-on.com\/wp-content\/uploads\/2025\/11\/689b391184e6d281934484.png-18x8.webp 18w\" sizes=\"auto, (max-width: 700px) 100vw, 700px\" \/><\/a><\/figure>\n<\/div>\n<\/div>\n\n\n\n<div class=\"wp-block-columns is-layout-flex wp-container-core-columns-is-layout-9d6595d7 wp-block-columns-is-layout-flex\">\n<div class=\"wp-block-column is-layout-flow wp-block-column-is-layout-flow\">\n<figure class=\"wp-block-image size-full\"><a href=\"https:\/\/app.citiz-on.com\/fr\/6833-circuits-liste\"><img loading=\"lazy\" decoding=\"async\" width=\"700\" height=\"308\" src=\"http:\/\/citiz-on.com\/wp-content\/uploads\/2025\/11\/689b3911b7467657653518.png.webp\" alt=\"\" class=\"wp-image-6675\" srcset=\"https:\/\/citiz-on.com\/wp-content\/uploads\/2025\/11\/689b3911b7467657653518.png.webp 700w, https:\/\/citiz-on.com\/wp-content\/uploads\/2025\/11\/689b3911b7467657653518.png-300x132.webp 300w, https:\/\/citiz-on.com\/wp-content\/uploads\/2025\/11\/689b3911b7467657653518.png-100x44.webp 100w, https:\/\/citiz-on.com\/wp-content\/uploads\/2025\/11\/689b3911b7467657653518.png-18x8.webp 18w\" sizes=\"auto, (max-width: 700px) 100vw, 700px\" \/><\/a><\/figure>\n<\/div>\n\n\n\n<div class=\"wp-block-column is-layout-flow wp-block-column-is-layout-flow\">\n<figure class=\"wp-block-image size-full\"><a href=\"https:\/\/app.citiz-on.com\/fr\/6833-circuits-liste\"><img loading=\"lazy\" decoding=\"async\" width=\"700\" height=\"308\" src=\"http:\/\/citiz-on.com\/wp-content\/uploads\/2025\/11\/689b391211d31841541165.png.webp\" alt=\"\" class=\"wp-image-6662\" srcset=\"https:\/\/citiz-on.com\/wp-content\/uploads\/2025\/11\/689b391211d31841541165.png.webp 700w, https:\/\/citiz-on.com\/wp-content\/uploads\/2025\/11\/689b391211d31841541165.png-300x132.webp 300w, https:\/\/citiz-on.com\/wp-content\/uploads\/2025\/11\/689b391211d31841541165.png-100x44.webp 100w, https:\/\/citiz-on.com\/wp-content\/uploads\/2025\/11\/689b391211d31841541165.png-18x8.webp 18w\" sizes=\"auto, (max-width: 700px) 100vw, 700px\" \/><\/a><\/figure>\n<\/div>\n\n\n\n<div class=\"wp-block-column is-layout-flow wp-block-column-is-layout-flow\">\n<figure class=\"wp-block-image size-full\"><a href=\"https:\/\/app.citiz-on.com\/fr\/6833-circuits-liste\"><img loading=\"lazy\" decoding=\"async\" width=\"700\" height=\"308\" src=\"http:\/\/citiz-on.com\/wp-content\/uploads\/2025\/11\/689b3911ef7b7043301508.png.webp\" alt=\"\" class=\"wp-image-6660\" srcset=\"https:\/\/citiz-on.com\/wp-content\/uploads\/2025\/11\/689b3911ef7b7043301508.png.webp 700w, https:\/\/citiz-on.com\/wp-content\/uploads\/2025\/11\/689b3911ef7b7043301508.png-300x132.webp 300w, https:\/\/citiz-on.com\/wp-content\/uploads\/2025\/11\/689b3911ef7b7043301508.png-100x44.webp 100w, https:\/\/citiz-on.com\/wp-content\/uploads\/2025\/11\/689b3911ef7b7043301508.png-18x8.webp 18w\" sizes=\"auto, (max-width: 700px) 100vw, 700px\" \/><\/a><\/figure>\n<\/div>\n<\/div>\n\n\n\n<div class=\"wp-block-columns is-layout-flex wp-container-core-columns-is-layout-9d6595d7 wp-block-columns-is-layout-flex\">\n<div class=\"wp-block-column is-layout-flow wp-block-column-is-layout-flow\">\n<figure class=\"wp-block-image size-full\"><a href=\"https:\/\/app.citiz-on.com\/fr\/6833-circuits-liste\"><img loading=\"lazy\" decoding=\"async\" width=\"700\" height=\"308\" src=\"http:\/\/citiz-on.com\/wp-content\/uploads\/2025\/11\/689b39119becf741865340.png.webp\" alt=\"\" class=\"wp-image-6659\" srcset=\"https:\/\/citiz-on.com\/wp-content\/uploads\/2025\/11\/689b39119becf741865340.png.webp 700w, https:\/\/citiz-on.com\/wp-content\/uploads\/2025\/11\/689b39119becf741865340.png-300x132.webp 300w, https:\/\/citiz-on.com\/wp-content\/uploads\/2025\/11\/689b39119becf741865340.png-100x44.webp 100w, https:\/\/citiz-on.com\/wp-content\/uploads\/2025\/11\/689b39119becf741865340.png-18x8.webp 18w\" sizes=\"auto, (max-width: 700px) 100vw, 700px\" \/><\/a><\/figure>\n<\/div>\n\n\n\n<div class=\"wp-block-column is-layout-flow wp-block-column-is-layout-flow\">\n<figure class=\"wp-block-image size-full\"><a href=\"https:\/\/app.citiz-on.com\/fr\/6833-circuits-liste\"><img loading=\"lazy\" decoding=\"async\" width=\"700\" height=\"308\" src=\"http:\/\/citiz-on.com\/wp-content\/uploads\/2025\/11\/689b3911d1b9e089340759.png.webp\" alt=\"\" class=\"wp-image-6661\" srcset=\"https:\/\/citiz-on.com\/wp-content\/uploads\/2025\/11\/689b3911d1b9e089340759.png.webp 700w, https:\/\/citiz-on.com\/wp-content\/uploads\/2025\/11\/689b3911d1b9e089340759.png-300x132.webp 300w, https:\/\/citiz-on.com\/wp-content\/uploads\/2025\/11\/689b3911d1b9e089340759.png-100x44.webp 100w, https:\/\/citiz-on.com\/wp-content\/uploads\/2025\/11\/689b3911d1b9e089340759.png-18x8.webp 18w\" sizes=\"auto, (max-width: 700px) 100vw, 700px\" \/><\/a><\/figure>\n<\/div>\n\n\n\n<div class=\"wp-block-column is-layout-flow wp-block-column-is-layout-flow\">\n<figure class=\"wp-block-image size-full\"><a href=\"https:\/\/app.citiz-on.com\/fr\/6833-circuits-liste\"><img loading=\"lazy\" decoding=\"async\" width=\"700\" height=\"308\" src=\"http:\/\/citiz-on.com\/wp-content\/uploads\/2025\/11\/689b39123d64e297259358.png.webp\" alt=\"\" class=\"wp-image-6667\" srcset=\"https:\/\/citiz-on.com\/wp-content\/uploads\/2025\/11\/689b39123d64e297259358.png.webp 700w, https:\/\/citiz-on.com\/wp-content\/uploads\/2025\/11\/689b39123d64e297259358.png-300x132.webp 300w, https:\/\/citiz-on.com\/wp-content\/uploads\/2025\/11\/689b39123d64e297259358.png-100x44.webp 100w, https:\/\/citiz-on.com\/wp-content\/uploads\/2025\/11\/689b39123d64e297259358.png-18x8.webp 18w\" sizes=\"auto, (max-width: 700px) 100vw, 700px\" \/><\/a><\/figure>\n<\/div>\n<\/div>\n\n\n\n<div class=\"wp-block-columns is-layout-flex wp-container-core-columns-is-layout-9d6595d7 wp-block-columns-is-layout-flex\">\n<div class=\"wp-block-column is-layout-flow wp-block-column-is-layout-flow\">\n<figure class=\"wp-block-image size-full\"><a href=\"https:\/\/app.citiz-on.com\/fr\/6833-circuits-liste\"><img loading=\"lazy\" decoding=\"async\" width=\"700\" height=\"308\" src=\"http:\/\/citiz-on.com\/wp-content\/uploads\/2025\/11\/689b391228100933327361.png.webp\" alt=\"\" class=\"wp-image-6666\" srcset=\"https:\/\/citiz-on.com\/wp-content\/uploads\/2025\/11\/689b391228100933327361.png.webp 700w, https:\/\/citiz-on.com\/wp-content\/uploads\/2025\/11\/689b391228100933327361.png-300x132.webp 300w, https:\/\/citiz-on.com\/wp-content\/uploads\/2025\/11\/689b391228100933327361.png-100x44.webp 100w, https:\/\/citiz-on.com\/wp-content\/uploads\/2025\/11\/689b391228100933327361.png-18x8.webp 18w\" sizes=\"auto, (max-width: 700px) 100vw, 700px\" \/><\/a><\/figure>\n<\/div>\n\n\n\n<div class=\"wp-block-column is-layout-flow wp-block-column-is-layout-flow\"><\/div>\n\n\n\n<div class=\"wp-block-column is-layout-flow wp-block-column-is-layout-flow\"><\/div>\n<\/div>\n\n\n\n<div class=\"wp-block-columns is-layout-flex wp-container-core-columns-is-layout-9d6595d7 wp-block-columns-is-layout-flex\">\n<div class=\"wp-block-column is-layout-flow wp-block-column-is-layout-flow\">\n<figure class=\"wp-block-image size-full\"><a href=\"https:\/\/app.citiz-on.com\/fr\/6833-circuits-liste\"><img loading=\"lazy\" decoding=\"async\" width=\"700\" height=\"308\" src=\"http:\/\/citiz-on.com\/wp-content\/uploads\/2025\/11\/6857029403403722908442.png.webp\" alt=\"\" class=\"wp-image-6693\" srcset=\"https:\/\/citiz-on.com\/wp-content\/uploads\/2025\/11\/6857029403403722908442.png.webp 700w, https:\/\/citiz-on.com\/wp-content\/uploads\/2025\/11\/6857029403403722908442.png-300x132.webp 300w, https:\/\/citiz-on.com\/wp-content\/uploads\/2025\/11\/6857029403403722908442.png-100x44.webp 100w, https:\/\/citiz-on.com\/wp-content\/uploads\/2025\/11\/6857029403403722908442.png-18x8.webp 18w\" sizes=\"auto, (max-width: 700px) 100vw, 700px\" \/><\/a><\/figure>\n<\/div>\n\n\n\n<div class=\"wp-block-column is-layout-flow wp-block-column-is-layout-flow\">\n<figure class=\"wp-block-image size-full\"><a href=\"https:\/\/app.citiz-on.com\/fr\/6833-circuits-liste\"><img loading=\"lazy\" decoding=\"async\" width=\"700\" height=\"308\" src=\"http:\/\/citiz-on.com\/wp-content\/uploads\/2025\/11\/689db51f1426a895594108.png-1.webp\" alt=\"\" class=\"wp-image-6692\" srcset=\"https:\/\/citiz-on.com\/wp-content\/uploads\/2025\/11\/689db51f1426a895594108.png-1.webp 700w, https:\/\/citiz-on.com\/wp-content\/uploads\/2025\/11\/689db51f1426a895594108.png-1-300x132.webp 300w, https:\/\/citiz-on.com\/wp-content\/uploads\/2025\/11\/689db51f1426a895594108.png-1-100x44.webp 100w, https:\/\/citiz-on.com\/wp-content\/uploads\/2025\/11\/689db51f1426a895594108.png-1-18x8.webp 18w\" sizes=\"auto, (max-width: 700px) 100vw, 700px\" \/><\/a><\/figure>\n<\/div>\n\n\n\n<div class=\"wp-block-column is-layout-flow wp-block-column-is-layout-flow\"><\/div>\n<\/div>\n\n\n\n<p>Apr\u00e8s Casablanca, CitizOn d\u00e9ploie ses parcours dans <a href=\"https:\/\/app.citiz-on.com\/fr\/7286-accueil\">d\u2019autres villes du royaume<\/a>. \u00c0 Rabat, vous parcourez la Kasbah des Oudayas, les jardins andalous, les rives du Bouregreg, les quartiers administratifs du Protectorat, les ensembles modernistes et les sites arch\u00e9ologiques qui racontent plus de dix si\u00e8cles de transformations urbaines. \u00c0 Sal\u00e9, la m\u00e9dina se d\u00e9voile dans toute sa complexit\u00e9 : portes monumentales, traditions savantes, lignages religieux, r\u00e9sistance politique, m\u00e9moire corsaire, sanctuaires et espaces populaires o\u00f9 s\u2019entrem\u00ealent spiritualit\u00e9, artisanat et vie quotidienne. L\u2019audioguide y restitue des r\u00e9cits rarement propos\u00e9s aux visiteurs, issus d\u2019archives et d\u2019enqu\u00eates historiques.<\/p>\n\n\n\n<p>\u00c0 Azemmour, la ville r\u00e9v\u00e8le un patrimoine singulier : une m\u00e9dina resserr\u00e9e sur sa falaise, un rapport puissant au fleuve Oum Er-Rbia, des bastions portugais du XVIe si\u00e8cle, des l\u00e9gendes locales, des zaou\u00efas anciennes et un patrimoine juif essentiel. Chaque \u00e9tape \u00e9claire les circulations m\u00e9diterran\u00e9ennes, la coexistence des communaut\u00e9s, les mutations d\u2019un port ancien d\u00e9sormais tourn\u00e9 vers la m\u00e9moire plut\u00f4t que le commerce.<\/p>\n\n\n\n<p>\u00c0 Mohammedia, CitizOn propose de comprendre une ville n\u00e9e de l\u2019industrie, des ports, des chemins de fer et de l\u2019urbanisme moderne. Les parcs, les plages, les infrastructures sportives, les h\u00f4tels du XXe si\u00e8cle, les traces des premi\u00e8res stations baln\u00e9aires et le r\u00f4le strat\u00e9gique du littoral y composent un r\u00e9cit d\u2019urbanisation unique, souvent absent des circuits touristiques traditionnels.<\/p>\n\n\n\n<p>Chaque parcours repose sur un dispositif simple : une carte dynamique, un fil narratif structur\u00e9, une s\u00e9lection rigoureuse des sites, une \u00e9criture claire appuy\u00e9e sur la recherche historique et une exp\u00e9rience sonore permettant de se d\u00e9placer librement. Vous choisissez l\u2019heure, la dur\u00e9e, la vitesse, les pauses, les d\u00e9tours. CitizOn ne remplace pas la marche, il la rend lisible. Il ne remplace pas l\u2019exp\u00e9rience personnelle, il lui donne un cadre. Il ne propose pas une visite standardis\u00e9e, mais une exploration vivante, adapt\u00e9e aux curieux, aux voyageurs solitaires, aux familles, aux \u00e9tudiants, aux habitants d\u00e9sireux de red\u00e9couvrir leur propre ville.<\/p>\n\n\n\n<p>L\u2019objectif est double : offrir au plus grand nombre un acc\u00e8s fiable et accessible au patrimoine marocain, et donner aux villes une nouvelle fa\u00e7on de se raconter. Dans un contexte o\u00f9 la pr\u00e9servation du patrimoine et l\u2019attractivit\u00e9 territoriale deviennent des leviers essentiels de d\u00e9veloppement, CitizOn propose une approche compl\u00e9mentaire : num\u00e9rique, autonome, pr\u00e9cise et respectueuse des lieux.<\/p>\n","protected":false},"excerpt":{"rendered":"<p>D\u00e9couvrir une ville demande du temps, du regard et de la pr\u00e9cision. Entre les monuments visibles et les traces plus discr\u00e8tes, entre les r\u00e9cits officiels et les histoires locales, chaque territoire du Maroc porte une m\u00e9moire dense, parfois m\u00e9connue, souvent sous-estim\u00e9e. CitizOn s\u2019est construit autour d\u2019une id\u00e9e simple : permettre \u00e0 chacun d\u2019explorer les villes marocaines au rythme qui lui convient, sans contrainte d\u2019horaire, sans groupe impos\u00e9, et sans d\u00e9pendre d\u2019un guide physique. L\u2019audioguide vous accompagne pas \u00e0 pas, dans une immersion continue, de mani\u00e8re autonome, accessible et exigeante. Apr\u00e8s [&hellip;]<\/p>\n","protected":false},"author":1,"featured_media":0,"parent":0,"menu_order":0,"comment_status":"closed","ping_status":"closed","template":"","meta":{"_price":"","_stock":"","_tribe_ticket_header":"","_tribe_default_ticket_provider":"","_tribe_ticket_capacity":"0","_ticket_start_date":"","_ticket_end_date":"","_tribe_ticket_show_description":"","_tribe_ticket_show_not_going":false,"_tribe_ticket_use_global_stock":"","_tribe_ticket_global_stock_level":"","_global_stock_mode":"","_global_stock_cap":"","_tribe_rsvp_for_event":"","_tribe_ticket_going_count":"","_tribe_ticket_not_going_count":"","_tribe_tickets_list":"[]","_tribe_ticket_has_attendee_info_fields":false,"footnotes":"","_tec_slr_enabled":"","_tec_slr_layout":""},"class_list":["post-6657","page","type-page","status-publish","hentry"],"ticketed":false,"_links":{"self":[{"href":"https:\/\/citiz-on.com\/fr\/wp-json\/wp\/v2\/pages\/6657","targetHints":{"allow":["GET"]}}],"collection":[{"href":"https:\/\/citiz-on.com\/fr\/wp-json\/wp\/v2\/pages"}],"about":[{"href":"https:\/\/citiz-on.com\/fr\/wp-json\/wp\/v2\/types\/page"}],"author":[{"embeddable":true,"href":"https:\/\/citiz-on.com\/fr\/wp-json\/wp\/v2\/users\/1"}],"replies":[{"embeddable":true,"href":"https:\/\/citiz-on.com\/fr\/wp-json\/wp\/v2\/comments?post=6657"}],"version-history":[{"count":8,"href":"https:\/\/citiz-on.com\/fr\/wp-json\/wp\/v2\/pages\/6657\/revisions"}],"predecessor-version":[{"id":6694,"href":"https:\/\/citiz-on.com\/fr\/wp-json\/wp\/v2\/pages\/6657\/revisions\/6694"}],"wp:attachment":[{"href":"https:\/\/citiz-on.com\/fr\/wp-json\/wp\/v2\/media?parent=6657"}],"curies":[{"name":"wp","href":"https:\/\/api.w.org\/{rel}","templated":true}]}}