{"id":6281,"date":"2025-03-22T12:54:01","date_gmt":"2025-03-22T12:54:01","guid":{"rendered":"https:\/\/citiz-on.com\/?page_id=6281"},"modified":"2025-10-04T10:18:53","modified_gmt":"2025-10-04T10:18:53","slug":"agenda-culturel","status":"publish","type":"page","link":"https:\/\/citiz-on.com\/fr\/agenda-culturel\/","title":{"rendered":"Agenda Culturel"},"content":{"rendered":"\n<p><!-- Elfsight Event Calendar | Agenda Culturel CitizOn --><\/p>\n\n\n\n<p><script src=\"https:\/\/static.elfsight.com\/platform\/platform.js\" async=\"\"><\/script><\/p>\n\n\n\n<p>\ud83c\udfad Concerts en plein air, pi\u00e8ces de th\u00e9\u00e2tre engag\u00e9es, festivals en tous genres, one-man-shows, expositions, projections ou soir\u00e9es in\u00e9dites\u2026 D\u00e9couvrez notre <strong>agenda culturel<\/strong> mis \u00e0 jour chaque semaine pour Casablanca, Rabat, Marrakech, F\u00e8s, Agadir, Tanger et des grandes villes du Maroc. Un calendrier complet, pens\u00e9 pour vous donner des <strong>id\u00e9es de sorties<\/strong>, suivre l\u2019actualit\u00e9 des sc\u00e8nes locales et planifier vos escapades culturelles. Laissez-vous inspirer, explorez de nouveaux univers artistiques, et <strong>vivez pleinement la richesse de la vie culturelle marocaine.<\/strong><\/p>\n\n\n\n<div class=\"elfsight-app-14aa8546-0ac3-43ef-a18f-261541e980d7\" data-elfsight-app-lazy=\"\">&nbsp;<\/div>\n","protected":false},"excerpt":{"rendered":"<p>\ud83c\udfad Concerts en plein air, pi\u00e8ces de th\u00e9\u00e2tre engag\u00e9es, festivals en tous genres, one-man-shows, expositions, projections ou soir\u00e9es in\u00e9dites\u2026 D\u00e9couvrez notre agenda culturel mis \u00e0 jour chaque semaine pour Casablanca, Rabat, Marrakech, F\u00e8s, Agadir, Tanger et des grandes villes du Maroc. Un calendrier complet, pens\u00e9 pour vous donner des id\u00e9es de sorties, suivre l\u2019actualit\u00e9 des sc\u00e8nes locales et planifier vos escapades culturelles. Laissez-vous inspirer, explorez de nouveaux univers artistiques, et vivez pleinement la richesse de la vie culturelle marocaine. &nbsp;<\/p>\n","protected":false},"author":1,"featured_media":6066,"parent":0,"menu_order":0,"comment_status":"closed","ping_status":"closed","template":"","meta":{"_price":"","_stock":"","_tribe_ticket_header":"","_tribe_default_ticket_provider":"","_tribe_ticket_capacity":"0","_ticket_start_date":"","_ticket_end_date":"","_tribe_ticket_show_description":"","_tribe_ticket_show_not_going":false,"_tribe_ticket_use_global_stock":"","_tribe_ticket_global_stock_level":"","_global_stock_mode":"","_global_stock_cap":"","_tribe_rsvp_for_event":"","_tribe_ticket_going_count":"","_tribe_ticket_not_going_count":"","_tribe_tickets_list":"[]","_tribe_ticket_has_attendee_info_fields":false,"footnotes":"","_tec_slr_enabled":"","_tec_slr_layout":""},"class_list":["post-6281","page","type-page","status-publish","has-post-thumbnail","hentry"],"ticketed":false,"_links":{"self":[{"href":"https:\/\/citiz-on.com\/fr\/wp-json\/wp\/v2\/pages\/6281","targetHints":{"allow":["GET"]}}],"collection":[{"href":"https:\/\/citiz-on.com\/fr\/wp-json\/wp\/v2\/pages"}],"about":[{"href":"https:\/\/citiz-on.com\/fr\/wp-json\/wp\/v2\/types\/page"}],"author":[{"embeddable":true,"href":"https:\/\/citiz-on.com\/fr\/wp-json\/wp\/v2\/users\/1"}],"replies":[{"embeddable":true,"href":"https:\/\/citiz-on.com\/fr\/wp-json\/wp\/v2\/comments?post=6281"}],"version-history":[{"count":11,"href":"https:\/\/citiz-on.com\/fr\/wp-json\/wp\/v2\/pages\/6281\/revisions"}],"predecessor-version":[{"id":6623,"href":"https:\/\/citiz-on.com\/fr\/wp-json\/wp\/v2\/pages\/6281\/revisions\/6623"}],"wp:featuredmedia":[{"embeddable":true,"href":"https:\/\/citiz-on.com\/fr\/wp-json\/wp\/v2\/media\/6066"}],"wp:attachment":[{"href":"https:\/\/citiz-on.com\/fr\/wp-json\/wp\/v2\/media?parent=6281"}],"curies":[{"name":"wp","href":"https:\/\/api.w.org\/{rel}","templated":true}]}}