{"id":5759,"date":"2024-12-31T17:03:03","date_gmt":"2024-12-31T17:03:03","guid":{"rendered":"https:\/\/citiz-on.com\/fr\/?page_id=5759"},"modified":"2025-03-16T18:45:22","modified_gmt":"2025-03-16T18:45:22","slug":"prochaines-visites-guidees-a-casablanca","status":"publish","type":"page","link":"https:\/\/citiz-on.com\/fr\/prochaines-visites-guidees-a-casablanca\/","title":{"rendered":"Prochaines visites guid\u00e9es \u00e0 Casablanca"},"content":{"rendered":"<p>&nbsp;<\/p>\n\n\n<p>D\u00e9couvrez notre calendrier de visites guid\u00e9es insolites \u00e0 Casablanca et dans sa p\u00e9riph\u00e9rie (Rabat, Sal\u00e9, Mohammedia, Azemmour).<\/p>\n\n\n\n<p>Envie d&rsquo;explorer Casablanca et ses environs autrement ? Plongez dans l&rsquo;histoire, l&rsquo;architecture et les anecdotes m\u00e9connues de notre patrimoine gr\u00e2ce \u00e0 nos visites guid\u00e9es \u00e0 Casablanca th\u00e9matiques et l&rsquo;<a href=\"https:\/\/citiz-on.com\/application-mobile-citizon\/\">audioguide casablancais de CitizOn<\/a>.<br><br><\/p>\n\n\n\n<div class=\"wp-block-buttons is-content-justification-center is-layout-flex wp-container-core-buttons-is-layout-16018d1d wp-block-buttons-is-layout-flex\">\n<div class=\"wp-block-button\"><a class=\"wp-block-button__link wp-element-button\" href=\"https:\/\/linktr.ee\/citiz.on\" target=\"_blank\" rel=\"noopener\">BILLETTERIE<\/a><\/div>\n<\/div>\n\n\n\n<p><br><strong><strong><style type=\"text\/css\" scoped>.rbs_gallery_69e34aed8c05aSpinner{\r\n\t\t\t\tmargin: 50px auto;\r\n\t\t\t\twidth: 50px;\r\n\t\t\t\theight: 40px;\r\n\t\t\t\ttext-align: center;\r\n\t\t\t\tfont-size: 10px;\r\n\t\t\t}\r\n\t\t\t.rbs_gallery_69e34aed8c05aSpinner > div{\r\n\t\t\t  background-color: #333;\r\n\t\t\t  height: 100%;\r\n\t\t\t  width: 6px;\r\n\t\t\t  display: inline-block;\r\n\t\t\t  -webkit-animation: rbs_gallery_69e34aed8c05a-stretchdelay 1.2s infinite ease-in-out;\r\n\t\t\t  animation: rbs_gallery_69e34aed8c05a-stretchdelay 1.2s infinite ease-in-out;\r\n\t\t\t}\r\n\t\t\t.rbs_gallery_69e34aed8c05aSpinner .rbs_gallery_69e34aed8c05aRect2 {\r\n\t\t\t  -webkit-animation-delay: -1.1s;\r\n\t\t\t  animation-delay: -1.1s;\r\n\t\t\t}\r\n\t\t\t.rbs_gallery_69e34aed8c05aSpinner .rbs_gallery_69e34aed8c05aRect3 {\r\n\t\t\t  -webkit-animation-delay: -1.0s;\r\n\t\t\t  animation-delay: -1.0s;\r\n\t\t\t}\r\n\t\t\t.rbs_gallery_69e34aed8c05aSpinner .rbs_gallery_69e34aed8c05aRect4 {\r\n\t\t\t  -webkit-animation-delay: -0.9s;\r\n\t\t\t  animation-delay: -0.9s;\r\n\t\t\t}\r\n\t\t\t.rbs_gallery_69e34aed8c05aSpinner .rbs_gallery_69e34aed8c05aRect5 {\r\n\t\t\t  -webkit-animation-delay: -0.8s;\r\n\t\t\t  animation-delay: -0.8s;\r\n\t\t\t}\r\n\t\t\t@-webkit-keyframes rbs_gallery_69e34aed8c05a-stretchdelay {\r\n\t\t\t  0%, 40%, 100% { -webkit-transform: scaleY(0.4) }  \r\n\t\t\t  20% { -webkit-transform: scaleY(1.0) }\r\n\t\t\t}\r\n\t\t\t@keyframes rbs_gallery_69e34aed8c05a-stretchdelay {\r\n\t\t\t  0%, 40%, 100% { \r\n\t\t\t    transform: scaleY(0.4);\r\n\t\t\t    -webkit-transform: scaleY(0.4);\r\n\t\t\t  }  20% { \r\n\t\t\t    transform: scaleY(1.0);\r\n\t\t\t    -webkit-transform: scaleY(1.0);\r\n\t\t\t  }\r\n\t\t\t}\r\n\t\t<\/style><div class=\"robo-gallery-wrap robo-gallery-wrap-id5775 robo-gallery-grid\" ><div id=\"rbs_gallery_69e34aed8c05a-block-loader\" class=\"rbs_gallery_69e34aed8c05aSpinner\"><div class=\"rbs_gallery_69e34aed8c05aRect1\"><\/div> <div class=\"rbs_gallery_69e34aed8c05aRect2\"><\/div> <div class=\"rbs_gallery_69e34aed8c05aRect3\"><\/div> <div class=\"rbs_gallery_69e34aed8c05aRect4\"><\/div> <div class=\"rbs_gallery_69e34aed8c05aRect5\"><\/div><\/div><div id=\"robo_gallery_main_block_rbs_gallery_69e34aed8c05a\" class=\"robogallery-gallery-5775\" style=\"width:100%;  display: none;\"><div id=\"rbs_gallery_69e34aed8c05a\" data-options=\"rbs_gallery_69e34aed8c05a\" style=\"width:100%;\" class=\"robo_gallery  \"><div class=\"rbs-img  category5775 \"  data-columns=\"1\" ><div class=\"rbs-img-image   rbs-lightbox \" ><div class=\"rbs-img-thumbs\"  data-thumbnail=\"https:\/\/citiz-on.com\/wp-content\/uploads\/2016\/04\/4HJrsJqocSyf8yK-2cZd-300x300.webp\"  title=\"[:fr]CitizOn CasaPocket - Visites guid\u00e9es insolites \u00e0 Casablanca, Maroc[:]\"  data-width=\"300\"  data-height=\"300\" ><\/div><div class=\"rbs-img-data-popup\"  data-popup=\"https:\/\/citiz-on.com\/wp-content\/uploads\/2016\/04\/4HJrsJqocSyf8yK-2cZd.webp\"  title=\"[:fr]CitizOn CasaPocket - Visites guid\u00e9es insolites \u00e0 Casablanca, Maroc[:]\"  data-alt=\"[:fr]CitizOn CasaPocket - Visites guid\u00e9es insolites \u00e0 Casablanca, Maroc[:]\" ><\/div><div class=\"thumbnail-overlay\"><div class=\"rbsIcons\"><\/div><\/div><\/div><\/div><div class=\"rbs-img  category5775 \"  data-columns=\"1\" ><div class=\"rbs-img-image   rbs-lightbox \" ><div class=\"rbs-img-thumbs\"  data-thumbnail=\"https:\/\/citiz-on.com\/wp-content\/uploads\/2016\/04\/4Q5GwlAowLc2Hpc-dCfg-300x300.webp\"  title=\"[:fr]CitizOn CasaPocket - Visites guid\u00e9es insolites \u00e0 Casablanca, Maroc[:]\"  data-width=\"300\"  data-height=\"300\" ><\/div><div class=\"rbs-img-data-popup\"  data-popup=\"https:\/\/citiz-on.com\/wp-content\/uploads\/2016\/04\/4Q5GwlAowLc2Hpc-dCfg.webp\"  title=\"[:fr]CitizOn CasaPocket - Visites guid\u00e9es insolites \u00e0 Casablanca, Maroc[:]\"  data-alt=\"[:fr]CitizOn CasaPocket - Visites guid\u00e9es insolites \u00e0 Casablanca, Maroc[:]\" ><\/div><div class=\"thumbnail-overlay\"><div class=\"rbsIcons\"><\/div><\/div><\/div><\/div><div class=\"rbs-img  category5775 \"  data-columns=\"1\" ><div class=\"rbs-img-image   rbs-lightbox \" ><div class=\"rbs-img-thumbs\"  data-thumbnail=\"https:\/\/citiz-on.com\/wp-content\/uploads\/2016\/04\/KrWEiIi3h1Z0Sx6-PEby-300x300.webp\"  title=\"[:fr]CitizOn CasaPocket - Visites guid\u00e9es insolites \u00e0 Casablanca, Maroc[:]\"  data-width=\"300\"  data-height=\"300\" ><\/div><div class=\"rbs-img-data-popup\"  data-popup=\"https:\/\/citiz-on.com\/wp-content\/uploads\/2016\/04\/KrWEiIi3h1Z0Sx6-PEby.webp\"  title=\"[:fr]CitizOn CasaPocket - Visites guid\u00e9es insolites \u00e0 Casablanca, Maroc[:]\"  data-alt=\"[:fr]CitizOn CasaPocket - Visites guid\u00e9es insolites \u00e0 Casablanca, Maroc[:]\" ><\/div><div class=\"thumbnail-overlay\"><div class=\"rbsIcons\"><\/div><\/div><\/div><\/div><div class=\"rbs-img  category5775 \"  data-columns=\"1\" ><div class=\"rbs-img-image   rbs-lightbox \" ><div class=\"rbs-img-thumbs\"  data-thumbnail=\"https:\/\/citiz-on.com\/wp-content\/uploads\/2016\/04\/dTrOxjfaAja2ZEH-RfCi-300x300.webp\"  title=\"[:fr]CitizOn CasaPocket - Visites guid\u00e9es insolites \u00e0 Casablanca, Maroc[:]\"  data-width=\"300\"  data-height=\"300\" ><\/div><div class=\"rbs-img-data-popup\"  data-popup=\"https:\/\/citiz-on.com\/wp-content\/uploads\/2016\/04\/dTrOxjfaAja2ZEH-RfCi.webp\"  title=\"[:fr]CitizOn CasaPocket - Visites guid\u00e9es insolites \u00e0 Casablanca, Maroc[:]\"  data-alt=\"[:fr]CitizOn CasaPocket - Visites guid\u00e9es insolites \u00e0 Casablanca, Maroc[:]\" ><\/div><div class=\"thumbnail-overlay\"><div class=\"rbsIcons\"><\/div><\/div><\/div><\/div><div class=\"rbs-img  category5775 \"  data-columns=\"1\" ><div class=\"rbs-img-image   rbs-lightbox \" ><div class=\"rbs-img-thumbs\"  data-thumbnail=\"https:\/\/citiz-on.com\/wp-content\/uploads\/2016\/04\/K5ZIpuVFl16sgIg-qSmY-300x300.webp\"  title=\"[:fr]CitizOn CasaPocket - Visites guid\u00e9es insolites \u00e0 Casablanca, Maroc[:]\"  data-width=\"300\"  data-height=\"300\" ><\/div><div class=\"rbs-img-data-popup\"  data-popup=\"https:\/\/citiz-on.com\/wp-content\/uploads\/2016\/04\/K5ZIpuVFl16sgIg-qSmY.webp\"  title=\"[:fr]CitizOn CasaPocket - Visites guid\u00e9es insolites \u00e0 Casablanca, Maroc[:]\"  data-alt=\"[:fr]CitizOn CasaPocket - Visites guid\u00e9es insolites \u00e0 Casablanca, Maroc[:]\" ><\/div><div class=\"thumbnail-overlay\"><div class=\"rbsIcons\"><\/div><\/div><\/div><\/div><div class=\"rbs-img  category5775 \"  data-columns=\"1\" ><div class=\"rbs-img-image   rbs-lightbox \" ><div class=\"rbs-img-thumbs\"  data-thumbnail=\"https:\/\/citiz-on.com\/wp-content\/uploads\/2016\/04\/fMKzKMuf8Kafifp-Akrc-300x300.webp\"  title=\"[:fr]CitizOn CasaPocket - Visites guid\u00e9es insolites \u00e0 Casablanca, Maroc[:]\"  data-width=\"300\"  data-height=\"300\" ><\/div><div class=\"rbs-img-data-popup\"  data-popup=\"https:\/\/citiz-on.com\/wp-content\/uploads\/2016\/04\/fMKzKMuf8Kafifp-Akrc.webp\"  title=\"[:fr]CitizOn CasaPocket - Visites guid\u00e9es insolites \u00e0 Casablanca, Maroc[:]\"  data-alt=\"[:fr]CitizOn CasaPocket - Visites guid\u00e9es insolites \u00e0 Casablanca, Maroc[:]\" ><\/div><div class=\"thumbnail-overlay\"><div class=\"rbsIcons\"><\/div><\/div><\/div><\/div><div class=\"rbs-img  category5775 \"  data-columns=\"1\" ><div class=\"rbs-img-image   rbs-lightbox \" ><div class=\"rbs-img-thumbs\"  data-thumbnail=\"https:\/\/citiz-on.com\/wp-content\/uploads\/2016\/04\/1-300x300.png\"  title=\"[:fr]CitizOn CasaPocket - Visites guid\u00e9es insolites \u00e0 Casablanca, Maroc[:]\"  data-width=\"300\"  data-height=\"300\" ><\/div><div class=\"rbs-img-data-popup\"  data-popup=\"https:\/\/citiz-on.com\/wp-content\/uploads\/2016\/04\/1.png\"  title=\"[:fr]CitizOn CasaPocket - Visites guid\u00e9es insolites \u00e0 Casablanca, Maroc[:]\"  data-alt=\"[:fr]CitizOn CasaPocket - Visites guid\u00e9es insolites \u00e0 Casablanca, Maroc[:]\" ><\/div><div class=\"thumbnail-overlay\"><div class=\"rbsIcons\"><\/div><\/div><\/div><\/div><div class=\"rbs-img  category5775 \"  data-columns=\"1\" ><div class=\"rbs-img-image   rbs-lightbox \" ><div class=\"rbs-img-thumbs\"  data-thumbnail=\"https:\/\/citiz-on.com\/wp-content\/uploads\/2016\/04\/MgWfdmi76rM8Phf-eZnX-300x300.webp\"  title=\"[:fr]CitizOn CasaPocket - Visites guid\u00e9es insolites \u00e0 Casablanca, Maroc[:]\"  data-width=\"300\"  data-height=\"300\" ><\/div><div class=\"rbs-img-data-popup\"  data-popup=\"https:\/\/citiz-on.com\/wp-content\/uploads\/2016\/04\/MgWfdmi76rM8Phf-eZnX.webp\"  title=\"[:fr]CitizOn CasaPocket - Visites guid\u00e9es insolites \u00e0 Casablanca, Maroc[:]\"  data-alt=\"[:fr]CitizOn CasaPocket - Visites guid\u00e9es insolites \u00e0 Casablanca, Maroc[:]\" ><\/div><div class=\"thumbnail-overlay\"><div class=\"rbsIcons\"><\/div><\/div><\/div><\/div><div class=\"rbs-img  category5775 \"  data-columns=\"1\" ><div class=\"rbs-img-image   rbs-lightbox \" ><div class=\"rbs-img-thumbs\"  data-thumbnail=\"https:\/\/citiz-on.com\/wp-content\/uploads\/2016\/04\/jyNZzSNicZ77qb7-lxTi-300x300.webp\"  title=\"[:fr]CitizOn CasaPocket - Visites guid\u00e9es insolites \u00e0 Casablanca, Maroc[:]\"  data-width=\"300\"  data-height=\"300\" ><\/div><div class=\"rbs-img-data-popup\"  data-popup=\"https:\/\/citiz-on.com\/wp-content\/uploads\/2016\/04\/jyNZzSNicZ77qb7-lxTi.webp\"  title=\"[:fr]CitizOn CasaPocket - Visites guid\u00e9es insolites \u00e0 Casablanca, Maroc[:]\"  data-alt=\"[:fr]CitizOn CasaPocket - Visites guid\u00e9es insolites \u00e0 Casablanca, Maroc[:]\" ><\/div><div class=\"thumbnail-overlay\"><div class=\"rbsIcons\"><\/div><\/div><\/div><\/div><div class=\"rbs-img  category5775 \"  data-columns=\"1\" ><div class=\"rbs-img-image   rbs-lightbox \" ><div class=\"rbs-img-thumbs\"  data-thumbnail=\"https:\/\/citiz-on.com\/wp-content\/uploads\/2016\/04\/x5zHqi2rFkIYXxP-Vblf-300x300.webp\"  title=\"[:fr]CitizOn CasaPocket - Visites guid\u00e9es insolites \u00e0 Casablanca, Maroc[:]\"  data-width=\"300\"  data-height=\"300\" ><\/div><div class=\"rbs-img-data-popup\"  data-popup=\"https:\/\/citiz-on.com\/wp-content\/uploads\/2016\/04\/x5zHqi2rFkIYXxP-Vblf.webp\"  title=\"[:fr]CitizOn CasaPocket - Visites guid\u00e9es insolites \u00e0 Casablanca, Maroc[:]\"  data-alt=\"[:fr]CitizOn CasaPocket - Visites guid\u00e9es insolites \u00e0 Casablanca, Maroc[:]\" ><\/div><div class=\"thumbnail-overlay\"><div class=\"rbsIcons\"><\/div><\/div><\/div><\/div><div class=\"rbs-img  category5775 \"  data-columns=\"1\" ><div class=\"rbs-img-image   rbs-lightbox \" ><div class=\"rbs-img-thumbs\"  data-thumbnail=\"https:\/\/citiz-on.com\/wp-content\/uploads\/2016\/04\/zMpb4JgXGgHE4zw-lPs0-300x300.webp\"  title=\"[:fr]CitizOn CasaPocket - Visites guid\u00e9es insolites \u00e0 Casablanca, Maroc[:]\"  data-width=\"300\"  data-height=\"300\" ><\/div><div class=\"rbs-img-data-popup\"  data-popup=\"https:\/\/citiz-on.com\/wp-content\/uploads\/2016\/04\/zMpb4JgXGgHE4zw-lPs0.webp\"  title=\"[:fr]CitizOn CasaPocket - Visites guid\u00e9es insolites \u00e0 Casablanca, Maroc[:]\"  data-alt=\"[:fr]CitizOn CasaPocket - Visites guid\u00e9es insolites \u00e0 Casablanca, Maroc[:]\" ><\/div><div class=\"thumbnail-overlay\"><div class=\"rbsIcons\"><\/div><\/div><\/div><\/div><div class=\"rbs-img  category5775 \"  data-columns=\"1\" ><div class=\"rbs-img-image   rbs-lightbox \" ><div class=\"rbs-img-thumbs\"  data-thumbnail=\"https:\/\/citiz-on.com\/wp-content\/uploads\/2016\/04\/2-300x300.png\"  title=\"[:fr]CitizOn CasaPocket - Visites guid\u00e9es insolites \u00e0 Casablanca, Maroc[:]\"  data-width=\"300\"  data-height=\"300\" ><\/div><div class=\"rbs-img-data-popup\"  data-popup=\"https:\/\/citiz-on.com\/wp-content\/uploads\/2016\/04\/2.png\"  title=\"[:fr]CitizOn CasaPocket - Visites guid\u00e9es insolites \u00e0 Casablanca, Maroc[:]\"  data-alt=\"[:fr]CitizOn CasaPocket - Visites guid\u00e9es insolites \u00e0 Casablanca, Maroc[:]\" ><\/div><div class=\"thumbnail-overlay\"><div class=\"rbsIcons\"><\/div><\/div><\/div><\/div><div class=\"rbs-img  category5775 \"  data-columns=\"1\" ><div class=\"rbs-img-image   rbs-lightbox \" ><div class=\"rbs-img-thumbs\"  data-thumbnail=\"https:\/\/citiz-on.com\/wp-content\/uploads\/2016\/04\/bIQccWsmHhwwcx5-w5BA-300x300.webp\"  title=\"[:fr]CitizOn CasaPocket - Visites guid\u00e9es insolites \u00e0 Casablanca, Maroc[:]\"  data-width=\"300\"  data-height=\"300\" ><\/div><div class=\"rbs-img-data-popup\"  data-popup=\"https:\/\/citiz-on.com\/wp-content\/uploads\/2016\/04\/bIQccWsmHhwwcx5-w5BA.webp\"  title=\"[:fr]CitizOn CasaPocket - Visites guid\u00e9es insolites \u00e0 Casablanca, Maroc[:]\"  data-alt=\"[:fr]CitizOn CasaPocket - Visites guid\u00e9es insolites \u00e0 Casablanca, Maroc[:]\" ><\/div><div class=\"thumbnail-overlay\"><div class=\"rbsIcons\"><\/div><\/div><\/div><\/div><div class=\"rbs-img  category5775 \"  data-columns=\"1\" ><div class=\"rbs-img-image   rbs-lightbox \" ><div class=\"rbs-img-thumbs\"  data-thumbnail=\"https:\/\/citiz-on.com\/wp-content\/uploads\/2016\/04\/3-300x300.png\"  title=\"[:fr]CitizOn CasaPocket - Visites guid\u00e9es insolites \u00e0 Casablanca, Maroc[:]\"  data-width=\"300\"  data-height=\"300\" ><\/div><div class=\"rbs-img-data-popup\"  data-popup=\"https:\/\/citiz-on.com\/wp-content\/uploads\/2016\/04\/3.png\"  title=\"[:fr]CitizOn CasaPocket - Visites guid\u00e9es insolites \u00e0 Casablanca, Maroc[:]\"  data-alt=\"[:fr]CitizOn CasaPocket - Visites guid\u00e9es insolites \u00e0 Casablanca, Maroc[:]\" ><\/div><div class=\"thumbnail-overlay\"><div class=\"rbsIcons\"><\/div><\/div><\/div><\/div><div class=\"rbs-img  category5775 \"  data-columns=\"1\" ><div class=\"rbs-img-image   rbs-lightbox \" ><div class=\"rbs-img-thumbs\"  data-thumbnail=\"https:\/\/citiz-on.com\/wp-content\/uploads\/2016\/04\/n3T6ix2NxaZUjxR-uiaw-300x300.webp\"  title=\"[:fr]CitizOn CasaPocket - Visites guid\u00e9es insolites \u00e0 Casablanca, Maroc[:]\"  data-width=\"300\"  data-height=\"300\" ><\/div><div class=\"rbs-img-data-popup\"  data-popup=\"https:\/\/citiz-on.com\/wp-content\/uploads\/2016\/04\/n3T6ix2NxaZUjxR-uiaw.webp\"  title=\"[:fr]CitizOn CasaPocket - Visites guid\u00e9es insolites \u00e0 Casablanca, Maroc[:]\"  data-alt=\"[:fr]CitizOn CasaPocket - Visites guid\u00e9es insolites \u00e0 Casablanca, Maroc[:]\" ><\/div><div class=\"thumbnail-overlay\"><div class=\"rbsIcons\"><\/div><\/div><\/div><\/div><\/div><\/div><\/div><script>var rbs_gallery_69e34aed8c05a = {\"version\":\"5.1.4\",\"id\":5775,\"class\":\"id5775\",\"roboGalleryDelay\":1000,\"mainContainer\":\"#robo_gallery_main_block_rbs_gallery_69e34aed8c05a\",\"loadingContainer\":\"#rbs_gallery_69e34aed8c05a-block-loader\",\"loadingContainerObj\":\"rbs_gallery_69e34aed8c05a-block-loader\",\"columnWidth\":\"auto\",\"columns\":3,\"resolutions\":[{\"columnWidth\":\"auto\",\"columns\":3,\"maxWidth\":960},{\"columnWidth\":\"auto\",\"columns\":2,\"maxWidth\":650},{\"columnWidth\":\"auto\",\"columns\":1,\"maxWidth\":450}],\"hideTitle\":true,\"lightboxOptions\":{\"gallery\":{\"enabled\":true,\"tCounter\":\"%curr% of %total%\"}},\"overlayEffect\":\"direction-aware-fade\",\"boxesToLoadStart\":50,\"boxesToLoad\":8,\"LoadingWord\":\"Loading...\",\"loadMoreWord\":\"Load More\",\"noMoreEntriesWord\":\"No More Entries\",\"horizontalSpaceBetweenBoxes\":15,\"verticalSpaceBetweenBoxes\":15,\"lazyLoad\":0,\"wrapContainer\":\"#robo-gallery-wrap-rbs_gallery_69e34aed8c05a\"};<\/script><\/strong><\/strong><\/p>\n\n\n<p>&nbsp;<\/p>","protected":false},"excerpt":{"rendered":"<p>&nbsp; D\u00e9couvrez notre calendrier de visites guid\u00e9es insolites \u00e0 Casablanca et dans sa p\u00e9riph\u00e9rie (Rabat, Sal\u00e9, Mohammedia, Azemmour). Envie d&rsquo;explorer Casablanca et ses environs autrement ? Plongez dans l&rsquo;histoire, l&rsquo;architecture et les anecdotes m\u00e9connues de notre patrimoine gr\u00e2ce \u00e0 nos visites guid\u00e9es \u00e0 Casablanca th\u00e9matiques et l&rsquo;audioguide casablancais de CitizOn. &nbsp;<\/p>\n","protected":false},"author":1,"featured_media":5719,"parent":0,"menu_order":0,"comment_status":"closed","ping_status":"closed","template":"","meta":{"_price":"","_stock":"","_tribe_ticket_header":"","_tribe_default_ticket_provider":"","_tribe_ticket_capacity":"0","_ticket_start_date":"","_ticket_end_date":"","_tribe_ticket_show_description":"","_tribe_ticket_show_not_going":false,"_tribe_ticket_use_global_stock":"","_tribe_ticket_global_stock_level":"","_global_stock_mode":"","_global_stock_cap":"","_tribe_rsvp_for_event":"","_tribe_ticket_going_count":"","_tribe_ticket_not_going_count":"","_tribe_tickets_list":"[]","_tribe_ticket_has_attendee_info_fields":false,"footnotes":"","_tec_slr_enabled":"","_tec_slr_layout":""},"class_list":["post-5759","page","type-page","status-publish","has-post-thumbnail","hentry"],"ticketed":false,"_links":{"self":[{"href":"https:\/\/citiz-on.com\/fr\/wp-json\/wp\/v2\/pages\/5759","targetHints":{"allow":["GET"]}}],"collection":[{"href":"https:\/\/citiz-on.com\/fr\/wp-json\/wp\/v2\/pages"}],"about":[{"href":"https:\/\/citiz-on.com\/fr\/wp-json\/wp\/v2\/types\/page"}],"author":[{"embeddable":true,"href":"https:\/\/citiz-on.com\/fr\/wp-json\/wp\/v2\/users\/1"}],"replies":[{"embeddable":true,"href":"https:\/\/citiz-on.com\/fr\/wp-json\/wp\/v2\/comments?post=5759"}],"version-history":[{"count":10,"href":"https:\/\/citiz-on.com\/fr\/wp-json\/wp\/v2\/pages\/5759\/revisions"}],"predecessor-version":[{"id":6137,"href":"https:\/\/citiz-on.com\/fr\/wp-json\/wp\/v2\/pages\/5759\/revisions\/6137"}],"wp:featuredmedia":[{"embeddable":true,"href":"https:\/\/citiz-on.com\/fr\/wp-json\/wp\/v2\/media\/5719"}],"wp:attachment":[{"href":"https:\/\/citiz-on.com\/fr\/wp-json\/wp\/v2\/media?parent=5759"}],"curies":[{"name":"wp","href":"https:\/\/api.w.org\/{rel}","templated":true}]}}