{"id":5658,"date":"2024-11-22T18:53:40","date_gmt":"2024-11-22T18:53:40","guid":{"rendered":"https:\/\/citiz-on.com\/fr\/?page_id=5658"},"modified":"2026-02-12T07:39:27","modified_gmt":"2026-02-12T07:39:27","slug":"visites-guidees-de-casablanca-pour-les-entreprises","status":"publish","type":"page","link":"https:\/\/citiz-on.com\/fr\/visites-guidees-de-casablanca-pour-les-entreprises\/","title":{"rendered":"Visites Corporate"},"content":{"rendered":"\n<p><\/p>\n\n\n\n<p><\/p>\n\n\n\n<p>Vous accueillez des visiteurs, des directeurs ou des collaborateurs \u00e0 Casablanca et souhaitez leur offrir une immersion unique dans la Ville Blanche ? CitizOn vous propose des visites guid\u00e9es priv\u00e9es sur mesure, adapt\u00e9es \u00e0 vos besoins.<br><\/p>\n\n\n\n<h2 class=\"wp-block-heading\">Offrez une exp\u00e9rience unique <br>\u00e0 vos collaborateurs ou visiteurs \u00e0 Casablanca<\/h2>\n\n\n\n<p><br>Accueillez vos invit\u00e9s \u00e0 Casablanca de mani\u00e8re originale et m\u00e9morable avec nos visites guid\u00e9es corporate. Que ce soit pour <strong>des collaborateurs en d\u00e9placement<\/strong>, <strong>des directeurs en visite ou des partenaires \u00e9trangers<\/strong>, nous proposons des parcours priv\u00e9s qui plongent vos participants dans l\u2019histoire et le patrimoine unique de la Ville Blanche. Offrez-leur l\u2019occasion de d\u00e9couvrir les tr\u00e9sors cach\u00e9s de Casablanca et de tisser des liens autour d\u2019une exp\u00e9rience culturelle enrichissante.<\/p>\n\n\n\n<p>Chaque entreprise a des attentes particuli\u00e8res, et nous veillons \u00e0 concevoir des visites personnalis\u00e9es qui r\u00e9pondent \u00e0 vos exigences. Nos circuits peuvent mettre en lumi\u00e8re les lieux embl\u00e9matiques de Casablanca, tels que le centre Art D\u00e9co, les quartiers historiques comme la M\u00e9dina ou encore des <strong>circuits th\u00e9matiques<\/strong> autour de l\u2019architecture, de l\u2019histoire ou de la culture. Nos guides exp\u00e9riment\u00e9s s&rsquo;adaptent \u00e0 votre groupe pour garantir une exp\u00e9rience fluide et immersive.<\/p>\n\n\n\n<p>Simplifiez l\u2019organisation de vos \u00e9v\u00e9nements gr\u00e2ce \u00e0 notre service cl\u00e9 en main. En remplissant simplement notre formulaire en ligne, vous nous permettez de pr\u00e9parer une visite unique qui r\u00e9pond \u00e0 vos attentes. Nos circuits sont une excellente fa\u00e7on de marquer l\u2019esprit de vos invit\u00e9s et de renforcer les liens au sein de vos \u00e9quipes, tout en d\u00e9couvrant Casablanca sous un angle nouveau. Faites de votre \u00e9v\u00e9nement professionnel un moment inoubliable avec <a href=\"https:\/\/citiz-on.com\/fr\/presentation-citizon-guide-touristique-casablanca\/\">CitizOn<\/a>.<br>  <\/p>\n\n\n\n<div style=\"height:64px\" aria-hidden=\"true\" class=\"wp-block-spacer\"><\/div>\n\n\n\n<div class=\"_df_book df-lite\" id=\"df_6941\"  _slug=\"visites-guidees-entreprise-a-casablanca\" data-title=\"visites-guidees-entreprise-a-casablanca\" wpoptions=\"true\" thumb=\"http:\/\/citiz-on.com\/wp-content\/uploads\/2016\/04\/Visites_Entreprises-scaled.png\" thumbtype=\"\" ><\/div><script class=\"df-shortcode-script\" nowprocket type=\"application\/javascript\">window.option_df_6941 = {\"outline\":[],\"autoEnableOutline\":\"false\",\"autoEnableThumbnail\":\"false\",\"overwritePDFOutline\":\"false\",\"direction\":\"1\",\"pageSize\":\"0\",\"source\":\"http:\\\/\\\/citiz-on.com\\\/wp-content\\\/uploads\\\/2016\\\/04\\\/CitizOn_VisitesEntreprises.pdf\",\"wpOptions\":\"true\"}; if(window.DFLIP && window.DFLIP.parseBooks){window.DFLIP.parseBooks();}<\/script>\n\n\n\n<div style=\"height:64px\" aria-hidden=\"true\" class=\"wp-block-spacer\"><\/div>\n\n\n\n<h2 class=\"wp-block-heading\">Envie d&rsquo;en savoir plus sur nos visites Entreprises ? <\/h2>\n\n\n\n<div class=\"wp-block-group alignfull has-text-color has-background\" style=\"color:#000000;background-color:#ffffff\"><div class=\"wp-block-group__inner-container is-layout-flow wp-block-group-is-layout-flow\">\n<div style=\"height:64px\" aria-hidden=\"true\" class=\"wp-block-spacer\"><\/div>\n\n\n\n<div class=\"wp-block-buttons is-horizontal is-content-justification-center is-layout-flex wp-container-core-buttons-is-layout-499968f5 wp-block-buttons-is-layout-flex\">\n<div class=\"wp-block-button has-custom-width wp-block-button__width-50\"><a class=\"wp-block-button__link has-text-color has-background wp-element-button\" href=\"https:\/\/citiz-on.com\/fr\/contact\/\" style=\"border-radius:50px;color:#ffffff;background-color:#000000\">Contactez-nous<\/a><\/div>\n<\/div>\n\n\n\n<div style=\"height:64px\" aria-hidden=\"true\" class=\"wp-block-spacer\"><\/div>\n<\/div><\/div>\n\n\n\n<figure class=\"wp-block-image size-large is-resized\"><img loading=\"lazy\" decoding=\"async\" width=\"1024\" height=\"576\" src=\"http:\/\/citiz-on.com\/wp-content\/uploads\/2024\/11\/WhatsApp-Image-2024-11-02-at-14.21.02-1024x576.jpeg\" alt=\"CitizOn CasaPocket - Visites guid\u00e9es insolites \u00e0 Casablanca, Maroc\" class=\"wp-image-5679\" style=\"width:1300px;height:auto\" srcset=\"https:\/\/citiz-on.com\/wp-content\/uploads\/2024\/11\/WhatsApp-Image-2024-11-02-at-14.21.02-1024x576.jpeg 1024w, https:\/\/citiz-on.com\/wp-content\/uploads\/2024\/11\/WhatsApp-Image-2024-11-02-at-14.21.02-300x169.jpeg 300w, https:\/\/citiz-on.com\/wp-content\/uploads\/2024\/11\/WhatsApp-Image-2024-11-02-at-14.21.02-768x432.jpeg 768w, https:\/\/citiz-on.com\/wp-content\/uploads\/2024\/11\/WhatsApp-Image-2024-11-02-at-14.21.02-1536x864.jpeg 1536w, https:\/\/citiz-on.com\/wp-content\/uploads\/2024\/11\/WhatsApp-Image-2024-11-02-at-14.21.02.jpeg 1600w\" sizes=\"auto, (max-width: 1024px) 100vw, 1024px\" \/><\/figure>\n\n\n\n<div style=\"height:64px\" aria-hidden=\"true\" class=\"wp-block-spacer\"><\/div>\n","protected":false},"excerpt":{"rendered":"<p>Vous accueillez des visiteurs, des directeurs ou des collaborateurs \u00e0 Casablanca et souhaitez leur offrir une immersion unique dans la Ville Blanche ? CitizOn vous propose des visites guid\u00e9es priv\u00e9es sur mesure, adapt\u00e9es \u00e0 vos besoins. Offrez une exp\u00e9rience unique \u00e0 vos collaborateurs ou visiteurs \u00e0 Casablanca Accueillez vos invit\u00e9s \u00e0 Casablanca de mani\u00e8re originale et m\u00e9morable avec nos visites guid\u00e9es corporate. Que ce soit pour des collaborateurs en d\u00e9placement, des directeurs en visite ou des partenaires \u00e9trangers, nous proposons des parcours priv\u00e9s qui plongent vos participants dans l\u2019histoire et [&hellip;]<\/p>\n","protected":false},"author":1,"featured_media":5679,"parent":0,"menu_order":0,"comment_status":"closed","ping_status":"closed","template":"","meta":{"_price":"","_stock":"","_tribe_ticket_header":"","_tribe_default_ticket_provider":"","_tribe_ticket_capacity":"0","_ticket_start_date":"","_ticket_end_date":"","_tribe_ticket_show_description":"","_tribe_ticket_show_not_going":false,"_tribe_ticket_use_global_stock":"","_tribe_ticket_global_stock_level":"","_global_stock_mode":"","_global_stock_cap":"","_tribe_rsvp_for_event":"","_tribe_ticket_going_count":"","_tribe_ticket_not_going_count":"","_tribe_tickets_list":"[]","_tribe_ticket_has_attendee_info_fields":false,"footnotes":"","_tec_slr_enabled":"","_tec_slr_layout":""},"class_list":["post-5658","page","type-page","status-publish","has-post-thumbnail","hentry"],"ticketed":false,"_links":{"self":[{"href":"https:\/\/citiz-on.com\/fr\/wp-json\/wp\/v2\/pages\/5658","targetHints":{"allow":["GET"]}}],"collection":[{"href":"https:\/\/citiz-on.com\/fr\/wp-json\/wp\/v2\/pages"}],"about":[{"href":"https:\/\/citiz-on.com\/fr\/wp-json\/wp\/v2\/types\/page"}],"author":[{"embeddable":true,"href":"https:\/\/citiz-on.com\/fr\/wp-json\/wp\/v2\/users\/1"}],"replies":[{"embeddable":true,"href":"https:\/\/citiz-on.com\/fr\/wp-json\/wp\/v2\/comments?post=5658"}],"version-history":[{"count":30,"href":"https:\/\/citiz-on.com\/fr\/wp-json\/wp\/v2\/pages\/5658\/revisions"}],"predecessor-version":[{"id":6948,"href":"https:\/\/citiz-on.com\/fr\/wp-json\/wp\/v2\/pages\/5658\/revisions\/6948"}],"wp:featuredmedia":[{"embeddable":true,"href":"https:\/\/citiz-on.com\/fr\/wp-json\/wp\/v2\/media\/5679"}],"wp:attachment":[{"href":"https:\/\/citiz-on.com\/fr\/wp-json\/wp\/v2\/media?parent=5658"}],"curies":[{"name":"wp","href":"https:\/\/api.w.org\/{rel}","templated":true}]}}