{"id":4802,"date":"2023-04-27T10:50:01","date_gmt":"2023-04-27T10:50:01","guid":{"rendered":"https:\/\/citiz-on.com\/fr\/?page_id=4802"},"modified":"2025-03-16T18:47:08","modified_gmt":"2025-03-16T18:47:08","slug":"cgu-conditions-generales-utilisation","status":"publish","type":"page","link":"https:\/\/citiz-on.com\/fr\/cgu-conditions-generales-utilisation\/","title":{"rendered":"Conditions G\u00e9n\u00e9rales d&rsquo;Utilisation (CGU)"},"content":{"rendered":"\n\n\n<p>Vous \u00eates utilisateur de l&rsquo;appli mobile CitizOn ? Retrouvez ici les CGU (Conditions G\u00e9n\u00e9rales d&rsquo;Utilisation) de notre application CitizOn et du site Web Citiz-On.com, ci-apr\u00e8s \u00ab le Site \u00bb \u00e9dit\u00e9s par CitizOn SARL. La connexion et la navigation sur l\u2019Application et le Site, par les utilisateurs et visiteurs, ci-apr\u00e8s \u00ab l\u2019Utilisateur \u00bb, impliquent l\u2019acceptation int\u00e9grale et sans r\u00e9serve des pr\u00e9sentes Conditions G\u00e9n\u00e9rales d&rsquo;Utilisation.<\/p>\n\n\n\n<h3 class=\"wp-block-heading\">ARTICLE 1 \u2013 DEFINITIONS<\/h3>\n\n\n\n<ul>\r\n<li>\u00ab\u00a0Mentions l\u00e9gales \u00bb ou \u00ab\u00a0Politique de confidentialit\u00e9\u00a0\u00bb : d\u00e9signe le pr\u00e9sent document.<\/li>\r\n<li>\u00ab\u00a0Application\u00a0\u00bb : d\u00e9signe l\u2019application mobile \u00e9dit\u00e9e par la Soci\u00e9t\u00e9 CitizOn SARL.<\/li>\r\n<li>\u00ab\u00a0Utilisateur\u00a0\u00bb\u00a0: d\u00e9signe toute personne physique utilisant l\u2019Application et\/ou commandant les services de la Soci\u00e9t\u00e9.<\/li>\r\n<li>\u00ab\u00a0Soci\u00e9t\u00e9\u00a0\u00bb\u00a0: d\u00e9signe la Soci\u00e9t\u00e9 CitizOn SARL.<\/li>\r\n<li>\u00ab\u00a0Site\u00a0\u00bb\u00a0: d\u00e9signe le site Web de la Soci\u00e9t\u00e9, www.citiz-on.com.\n\n\n\n\n\n<p><\/p>\n\n\n\n<p><\/p>\n\n\n\n<p><\/p>\n\n\n\n<\/li>\r\n<\/ul>\r\n<h3>ARTICLE 2 &#8211; L&rsquo;EDITEUR<\/h3>\n\n\n\n<p>Le suivi \u00e9ditorial et graphique de l\u2019Application est assur\u00e9 par la Soci\u00e9t\u00e9 CitizOn SARL, au capital de 10 000 MAD, immatricul\u00e9e au Registre du Commerce de Casablanca sous le num\u00e9ro 565989 et dont le si\u00e8ge social est situ\u00e9 265 BD Zerktouni 9\u00e8me \u00e9tage n\u00b092 \u00e0 Casablanca, Maroc.<\/p>\n\n\n\n<p>Num\u00e9ro de t\u00e9l\u00e9phone&nbsp;: (+212) 6 72 26 56 67<\/p>\n\n\n\n<p>Adresse e-mail : hello@citiz-on.com &nbsp;<\/p>\n\n\n\n<h3 class=\"wp-block-heading\">ARTICLE 3 &#8211; L&rsquo;HEBERGEUR<\/h3>\n\n\n\n<p>L&rsquo;h\u00e9bergeur de l\u2019Application est la Soci\u00e9t\u00e9 IONOS SARL, dont le si\u00e8ge social est situ\u00e9 Place de la Gare &#8211; BP 70109, 57201 Sarreguemines.<\/p>\n\n\n\n<h3 class=\"wp-block-heading\">ARTICLE 4 &#8211; ACCES \u00c0 L\u2019APPLICATION<\/h3>\n\n\n\n<p>L\u2019Application est accessible en tout endroit, 7j\/7, 24h\/24 sauf cas de force majeure, difficult\u00e9s informatiques, difficult\u00e9s li\u00e9es aux r\u00e9seaux de t\u00e9l\u00e9communications, interruption programm\u00e9e ou non et pouvant d\u00e9coulant d\u2019une n\u00e9cessit\u00e9 de maintenance.<\/p>\n\n\n\n<p>En cas de modification, interruption ou suspension de l\u2019Application, l&rsquo;\u00c9diteur ne saurait \u00eatre tenu responsable<\/p>\n\n\n\n<h3 class=\"wp-block-heading\">ARTICLE 5 \u2013 PROPRIETE INTELLECTUELLE<\/h3>\n\n\n\n<p>Tout le contenu de l\u2019Application, incluant, de fa\u00e7on non limitative les graphismes, images, textes, vid\u00e9os, animations, sons, logos et ic\u00f4nes ainsi que leur mise en forme, sont la propri\u00e9t\u00e9 exclusive de la Soci\u00e9t\u00e9 \u00e0 l\u2019exception des marques, logos ou contenus appartenant \u00e0 d\u2019autres Soci\u00e9t\u00e9s partenaires ou auteurs.<\/p>\n\n\n\n<p>Toute reproduction, distribution, modification, adaptation, retransmission ou publication, m\u00eame partielle, de ces diff\u00e9rents \u00e9l\u00e9ments est strictement interdite sans l\u2019accord expr\u00e8s par \u00e9crit de l\u2019\u00c9diteur. Le non-respect de cette interdiction constitue une contrefa\u00e7on pouvant engager la responsabilit\u00e9 civile et p\u00e9nale du contrefacteur.<\/p>\n\n\n\n<h3 class=\"wp-block-heading\">ARTICLE 6 \u2013 CREDITS PHOTOGRAPHIQUES<\/h3>\n\n\n\n<p>Les photos pr\u00e9sentes sur l\u2019Application proviennent de sources diff\u00e9rentes. Les principaux auteurs des diff\u00e9rentes photographies de l\u2019Application sont Didier LECORRE et Mahja NAIT BARKA. Certaines photographies libres de droits proviennent des banques d\u2019images Adobe Stock, Shutterstock, Fotolia, Freepik, Pexels, Pixabay et GettyImages. En l\u2019absence d\u2019auteur identifi\u00e9, la Soci\u00e9t\u00e9 s\u2019engage \u00e0 r\u00e9server et r\u00e9gler les droits si un auteur se manifeste. Pour toutes demandes d\u2019utilisation des photographies pr\u00e9sentes sur le site, merci de bien vouloir contacter la Soci\u00e9t\u00e9 par mail \u00e0 hello@citiz-on.com.&nbsp; &nbsp;<\/p>\n\n\n\n<h3 class=\"wp-block-heading\">ARTICLE 7 \u2013 COLLECTE ET TRAITEMENT DES DONNEES PERSONNELLES<\/h3>\n\n\n\n<p>La Soci\u00e9t\u00e9 se r\u00e9serve le droit de collecter des donn\u00e9es \u00e0 caract\u00e8re personnel.<\/p>\n\n\n\n<p>Sont consid\u00e9r\u00e9es comme donn\u00e9es personnelles toutes les informations permettant d\u2019identifier directement ou indirectement un individu (personne physique). A ce titre, il peut s\u2019agir de ses noms et pr\u00e9noms, de son \u00e2ge, de son adresse postale ou email, de sa localisation ou encore de son adresse IP (liste non exhaustive).<\/p>\n\n\n\n<p>Les donn\u00e9es personnelles font l\u2019objet d\u2019une collecte et d\u2019un traitement d&rsquo;informations personnelles dans le respect de la vie priv\u00e9e, conform\u00e9ment \u00e0 la loi n\u00b078-17 du 6 janvier 1978 relative \u00e0 l&rsquo;informatique, aux fichiers et aux libert\u00e9s. Cette politique de confidentialit\u00e9 est aussi conforme au R\u00e8glement g\u00e9n\u00e9ral sur la protection des donn\u00e9es 2016\/679 (RGPD).<\/p>\n\n\n\n<p>La collecte des donn\u00e9es \u00e0 caract\u00e8re personnel s\u2019effectue directement aupr\u00e8s de leur propri\u00e9taire (l\u2019Utilisateur) directement (via le formulaire de contact et les formulaires d\u2019inscription \u00e0 l\u2019Application) ou indirectement (via son authentification \u00e0 travers Google ou les r\u00e9seaux sociaux).<\/p>\n\n\n\n<p>La collecte et le traitement des donn\u00e9es r\u00e9pondent aux finalit\u00e9s suivantes&nbsp;:<\/p>\n\n\n\n<ul>\r\n<li>Gestion des inscriptions aux \u00e9v\u00e9nements organis\u00e9s par la Soci\u00e9t\u00e9<\/li>\r\n<li>Gestion de l\u2019Espace Personnel<\/li>\r\n<li>Suivi de la qualit\u00e9 de service<\/li>\r\n<li>Envoi d\u2019informations et de newsletters<\/li>\r\n<\/ul>\r\n<p>L\u2019Utilisateur peut refuser de fournir ses donn\u00e9es personnelles. Dans ce cas, il ne pourra pas utiliser les services de l\u2019Application, notamment celui de solliciter des renseignements sur la Soci\u00e9t\u00e9, de recevoir les lettres d\u2019information, de s\u2019inscrire aux \u00e9v\u00e9nements organis\u00e9s par la Soci\u00e9t\u00e9, en pr\u00e9sentiel ou en distanciel.<\/p>\r\n<p>\n\n\n\n<\/p>\r\n<p>\n\n\n\n<\/p>\n\n\n\n<p><h3>ARTICLE 8 \u2013 DROITS ET DEVOIRS DES UTILISATEURS<\/h3><\/p>\n\n\n\n<p>En vertu de la loi Informatique et Libert\u00e9s, en date du 6 janvier 1978, et conform\u00e9ment \u00e0 la Loi Informatique et Libert\u00e9s et R\u00e8glement g\u00e9n\u00e9ral sur la protection des donn\u00e9es (RGPD), l&rsquo;Utilisateur dispose d&rsquo;un&nbsp;:<\/p>\n\n\n\n<ul>\r\n<li>Droit d&rsquo;acc\u00e8s,<\/li>\r\n<li>Droit de rectification,<\/li>\r\n<li>Droit de suppression<\/li>\r\n<li>Droit d&rsquo;opposition de ses donn\u00e9es personnelles.\n\n\n\n<p><\/p>\n\n\n\n<p><\/p>\n\n\n\n<\/li>\r\n<\/ul>\n\n\n\n<p>L&rsquo;Utilisateur peut exercer ce droit mail \u00e0 l&rsquo;adresse email hello@citiz-on.com. &nbsp;<\/p>\n\n\n\n<p><h3>ARTICLE 9 \u2013 MISE A JOUR DES INFORMATIONS<\/h3>\n<p>L\u2019\u00c9diteur met en \u0153uvre tous les moyens pour assurer une information fiable et une mise \u00e0 jour fiable de l\u2019Application. Toutefois, des erreurs ou omissions peuvent survenir. L\u2019Utilisateur devra donc s\u2019assurer de l\u2019exactitude des informations aupr\u00e8s de la Soci\u00e9t\u00e9, et signaler toutes modifications de l\u2019Application qu\u2019il jugerait utile. La Soci\u00e9t\u00e9 n\u2019est en aucun cas responsable de l\u2019utilisation faite de ces informations, et de tout pr\u00e9judice direct ou indirect pouvant en d\u00e9couler.<\/p>\n<h3>ARTICLE 10 \u2013 LIENS HYPERTEXTES<\/h3>\n<p>L\u2019Application peut offrir liens vers d\u2019autres sites internet ou d\u2019autres ressources disponibles sur Internet. La Soci\u00e9t\u00e9 ne dispose d\u2019aucun moyen pour contr\u00f4ler les sites en connexion avec l\u2019Application et ne r\u00e9pond pas de la disponibilit\u00e9 de tels sites et sources externes, ni ne la garantit.<\/p>\n<p>Elle ne peut \u00eatre tenue pour responsable de tout dommage, de quelque nature que ce soit, r\u00e9sultant du contenu de ces sites ou sources externes, et notamment des informations, produits ou services qu\u2019ils proposent, ou de tout usage qui peut \u00eatre fait de ces \u00e9l\u00e9ments. Les risques li\u00e9s \u00e0 cette utilisation incombent pleinement \u00e0 l\u2019internaute, qui doit se conformer \u00e0 leurs conditions d\u2019utilisation.<\/p>\n<p>Les utilisateurs, les abonn\u00e9s et les visiteurs des sites Internet ne peuvent pas mettre en place un hyperlien en direction de l\u2019Application sans l\u2019autorisation expresse et pr\u00e9alable de l\u2019\u00c9diteur. Dans l\u2019hypoth\u00e8se o\u00f9 un Utilisateur souhaiterait mettre en place un lien hypertexte en direction de l\u2019Application ou du Site de la Soci\u00e9t\u00e9, il lui appartiendra d\u2019adresser un email \u00e0 l\u2019\u00c9diteur afin de formuler sa demande de mise en place d\u2019un hyperlien. L\u2019\u00c9diteur se r\u00e9serve le droit d\u2019accepter ou de refuser sans avoir \u00e0 en justifier sa d\u00e9cision. L\u2019Utilisateur s&rsquo;engage \u00e0 ne pas copier, reproduire, alt\u00e9rer, modifier, cr\u00e9er des \u0153uvres d\u00e9riv\u00e9es ou divulguer au public tout ou partie du contenu de l\u2019Application sans le consentement pr\u00e9alable et \u00e9crit de la Soci\u00e9t\u00e9.<\/p>\n<h3>ARTICLE 11 \u2013 LITIGES<\/h3>\n<p>Les pr\u00e9sentes conditions de l\u2019Application sont r\u00e9gies par les lois marocaines et toute contestation ou litiges qui pourraient na\u00eetre de l\u2019interpr\u00e9tation ou de l\u2019ex\u00e9cution de celles-ci rel\u00e8vent de la comp\u00e9tence exclusive du Tribunal de Commerce de Casablanca dont d\u00e9pend le si\u00e8ge social de la Soci\u00e9t\u00e9. La langue de r\u00e9f\u00e9rence, pour le r\u00e8glement de contentieux \u00e9ventuels, est le fran\u00e7ais.<\/p><\/p>\n\n\n\n<p><\/p>\n\n\n\n\n","protected":false},"excerpt":{"rendered":"<p>Vous \u00eates utilisateur de l&rsquo;appli mobile CitizOn ? Retrouvez ici les CGU (Conditions G\u00e9n\u00e9rales d&rsquo;Utilisation) de notre application CitizOn et du site Web Citiz-On.com, ci-apr\u00e8s \u00ab le Site \u00bb \u00e9dit\u00e9s par CitizOn SARL. La connexion et la navigation sur l\u2019Application et le Site, par les utilisateurs et visiteurs, ci-apr\u00e8s \u00ab l\u2019Utilisateur \u00bb, impliquent l\u2019acceptation int\u00e9grale et sans r\u00e9serve des pr\u00e9sentes Conditions G\u00e9n\u00e9rales d&rsquo;Utilisation. ARTICLE 1 \u2013 DEFINITIONS \u00ab\u00a0Mentions l\u00e9gales \u00bb ou \u00ab\u00a0Politique de confidentialit\u00e9\u00a0\u00bb : d\u00e9signe le pr\u00e9sent document. \u00ab\u00a0Application\u00a0\u00bb : d\u00e9signe l\u2019application mobile \u00e9dit\u00e9e par la Soci\u00e9t\u00e9 CitizOn SARL. [&hellip;]<\/p>\n","protected":false},"author":1,"featured_media":5719,"parent":0,"menu_order":0,"comment_status":"closed","ping_status":"closed","template":"","meta":{"_price":"","_stock":"","_tribe_ticket_header":"","_tribe_default_ticket_provider":"","_tribe_ticket_capacity":"0","_ticket_start_date":"","_ticket_end_date":"","_tribe_ticket_show_description":"","_tribe_ticket_show_not_going":false,"_tribe_ticket_use_global_stock":"","_tribe_ticket_global_stock_level":"","_global_stock_mode":"","_global_stock_cap":"","_tribe_rsvp_for_event":"","_tribe_ticket_going_count":"","_tribe_ticket_not_going_count":"","_tribe_tickets_list":"[]","_tribe_ticket_has_attendee_info_fields":false,"footnotes":"","_tec_slr_enabled":"","_tec_slr_layout":""},"class_list":["post-4802","page","type-page","status-publish","has-post-thumbnail","hentry"],"ticketed":false,"_links":{"self":[{"href":"https:\/\/citiz-on.com\/fr\/wp-json\/wp\/v2\/pages\/4802","targetHints":{"allow":["GET"]}}],"collection":[{"href":"https:\/\/citiz-on.com\/fr\/wp-json\/wp\/v2\/pages"}],"about":[{"href":"https:\/\/citiz-on.com\/fr\/wp-json\/wp\/v2\/types\/page"}],"author":[{"embeddable":true,"href":"https:\/\/citiz-on.com\/fr\/wp-json\/wp\/v2\/users\/1"}],"replies":[{"embeddable":true,"href":"https:\/\/citiz-on.com\/fr\/wp-json\/wp\/v2\/comments?post=4802"}],"version-history":[{"count":10,"href":"https:\/\/citiz-on.com\/fr\/wp-json\/wp\/v2\/pages\/4802\/revisions"}],"predecessor-version":[{"id":6016,"href":"https:\/\/citiz-on.com\/fr\/wp-json\/wp\/v2\/pages\/4802\/revisions\/6016"}],"wp:featuredmedia":[{"embeddable":true,"href":"https:\/\/citiz-on.com\/fr\/wp-json\/wp\/v2\/media\/5719"}],"wp:attachment":[{"href":"https:\/\/citiz-on.com\/fr\/wp-json\/wp\/v2\/media?parent=4802"}],"curies":[{"name":"wp","href":"https:\/\/api.w.org\/{rel}","templated":true}]}}