{"id":6657,"date":"2025-11-15T14:05:29","date_gmt":"2025-11-15T14:05:29","guid":{"rendered":"https:\/\/citiz-on.com\/?page_id=6657"},"modified":"2025-12-26T18:30:26","modified_gmt":"2025-12-26T18:30:26","slug":"visiter-les-villes-du-maroc-avec-citizon","status":"publish","type":"page","link":"https:\/\/citiz-on.com\/en\/visiter-les-villes-du-maroc-avec-citizon\/","title":{"rendered":"Visit Morocco's Cities with CitizOn"},"content":{"rendered":"<p>Discovering a city requires time, attention, and precision. Between prominent monuments and more discreet traces, between official narratives and local stories, every Moroccan territory carries a dense, sometimes overlooked, often underestimated memory. CitizOn was built around a simple idea: giving everyone the freedom to<a href=\"https:\/\/app.citiz-on.com\/fr\/6833-circuits-liste\">explore Moroccan cities<\/a> at their own pace, without schedules, without imposed groups, and without relying on a physical guide. The audio guide accompanies you step by step, offering continuous immersion in an autonomous, accessible, and rigorous experience. <\/p>\n\n\n\n<p><\/p>\n\n\n\n<div class=\"wp-block-columns is-layout-flex wp-container-core-columns-is-layout-9d6595d7 wp-block-columns-is-layout-flex\">\n<div class=\"wp-block-column is-layout-flow wp-block-column-is-layout-flow\">\n<figure class=\"wp-block-image size-full\"><a href=\"https:\/\/app.citiz-on.com\/fr\/6833-circuits-liste\"><img loading=\"lazy\" decoding=\"async\" width=\"700\" height=\"308\" src=\"https:\/\/citiz-on.com\/wp-content\/uploads\/2025\/11\/67e927b44433a410071825.png.webp\" alt=\"\" class=\"wp-image-6658\" srcset=\"https:\/\/citiz-on.com\/wp-content\/uploads\/2025\/11\/67e927b44433a410071825.png.webp 700w, https:\/\/citiz-on.com\/wp-content\/uploads\/2025\/11\/67e927b44433a410071825.png-300x132.webp 300w, https:\/\/citiz-on.com\/wp-content\/uploads\/2025\/11\/67e927b44433a410071825.png-100x44.webp 100w, https:\/\/citiz-on.com\/wp-content\/uploads\/2025\/11\/67e927b44433a410071825.png-18x8.webp 18w\" sizes=\"auto, (max-width: 700px) 100vw, 700px\" \/><\/a><\/figure>\n<\/div>\n\n\n\n<div class=\"wp-block-column is-layout-flow wp-block-column-is-layout-flow\">\n<figure class=\"wp-block-image size-full\"><a href=\"https:\/\/app.citiz-on.com\/fr\/6833-circuits-liste\"><img loading=\"lazy\" decoding=\"async\" width=\"700\" height=\"308\" src=\"http:\/\/citiz-on.com\/wp-content\/uploads\/2025\/11\/685948914ec99321234350.png.webp\" alt=\"\" class=\"wp-image-6676\" srcset=\"https:\/\/citiz-on.com\/wp-content\/uploads\/2025\/11\/685948914ec99321234350.png.webp 700w, https:\/\/citiz-on.com\/wp-content\/uploads\/2025\/11\/685948914ec99321234350.png-300x132.webp 300w, https:\/\/citiz-on.com\/wp-content\/uploads\/2025\/11\/685948914ec99321234350.png-100x44.webp 100w, https:\/\/citiz-on.com\/wp-content\/uploads\/2025\/11\/685948914ec99321234350.png-18x8.webp 18w\" sizes=\"auto, (max-width: 700px) 100vw, 700px\" \/><\/a><\/figure>\n<\/div>\n\n\n\n<div class=\"wp-block-column is-layout-flow wp-block-column-is-layout-flow\">\n<figure class=\"wp-block-image size-full\"><a href=\"https:\/\/app.citiz-on.com\/fr\/6833-circuits-liste\"><img loading=\"lazy\" decoding=\"async\" width=\"700\" height=\"308\" src=\"http:\/\/citiz-on.com\/wp-content\/uploads\/2025\/11\/685944103354b931845778.png.webp\" alt=\"\" class=\"wp-image-6674\" srcset=\"https:\/\/citiz-on.com\/wp-content\/uploads\/2025\/11\/685944103354b931845778.png.webp 700w, https:\/\/citiz-on.com\/wp-content\/uploads\/2025\/11\/685944103354b931845778.png-300x132.webp 300w, https:\/\/citiz-on.com\/wp-content\/uploads\/2025\/11\/685944103354b931845778.png-100x44.webp 100w, https:\/\/citiz-on.com\/wp-content\/uploads\/2025\/11\/685944103354b931845778.png-18x8.webp 18w\" sizes=\"auto, (max-width: 700px) 100vw, 700px\" \/><\/a><\/figure>\n<\/div>\n<\/div>\n\n\n\n<div class=\"wp-block-columns is-layout-flex wp-container-core-columns-is-layout-9d6595d7 wp-block-columns-is-layout-flex\">\n<div class=\"wp-block-column is-layout-flow wp-block-column-is-layout-flow\">\n<figure class=\"wp-block-image size-full\"><a href=\"https:\/\/app.citiz-on.com\/fr\/6833-circuits-liste\"><img loading=\"lazy\" decoding=\"async\" width=\"700\" height=\"308\" src=\"http:\/\/citiz-on.com\/wp-content\/uploads\/2025\/11\/6859487d14c27632307259.png.webp\" alt=\"\" class=\"wp-image-6663\" srcset=\"https:\/\/citiz-on.com\/wp-content\/uploads\/2025\/11\/6859487d14c27632307259.png.webp 700w, https:\/\/citiz-on.com\/wp-content\/uploads\/2025\/11\/6859487d14c27632307259.png-300x132.webp 300w, https:\/\/citiz-on.com\/wp-content\/uploads\/2025\/11\/6859487d14c27632307259.png-100x44.webp 100w, https:\/\/citiz-on.com\/wp-content\/uploads\/2025\/11\/6859487d14c27632307259.png-18x8.webp 18w\" sizes=\"auto, (max-width: 700px) 100vw, 700px\" \/><\/a><\/figure>\n<\/div>\n\n\n\n<div class=\"wp-block-column is-layout-flow wp-block-column-is-layout-flow\">\n<figure class=\"wp-block-image size-full\"><a href=\"https:\/\/app.citiz-on.com\/fr\/6833-circuits-liste\"><img loading=\"lazy\" decoding=\"async\" width=\"700\" height=\"308\" src=\"http:\/\/citiz-on.com\/wp-content\/uploads\/2025\/11\/685943791bc9c447035149.png.webp\" alt=\"\" class=\"wp-image-6673\" srcset=\"https:\/\/citiz-on.com\/wp-content\/uploads\/2025\/11\/685943791bc9c447035149.png.webp 700w, https:\/\/citiz-on.com\/wp-content\/uploads\/2025\/11\/685943791bc9c447035149.png-300x132.webp 300w, https:\/\/citiz-on.com\/wp-content\/uploads\/2025\/11\/685943791bc9c447035149.png-100x44.webp 100w, https:\/\/citiz-on.com\/wp-content\/uploads\/2025\/11\/685943791bc9c447035149.png-18x8.webp 18w\" sizes=\"auto, (max-width: 700px) 100vw, 700px\" \/><\/a><\/figure>\n<\/div>\n\n\n\n<div class=\"wp-block-column is-layout-flow wp-block-column-is-layout-flow\"><\/div>\n<\/div>\n\n\n\n<div class=\"wp-block-columns is-layout-flex wp-container-core-columns-is-layout-9d6595d7 wp-block-columns-is-layout-flex\">\n<div class=\"wp-block-column is-layout-flow wp-block-column-is-layout-flow\">\n<figure class=\"wp-block-image size-full\"><a href=\"https:\/\/app.citiz-on.com\/fr\/6833-circuits-liste\"><img loading=\"lazy\" decoding=\"async\" width=\"700\" height=\"308\" src=\"http:\/\/citiz-on.com\/wp-content\/uploads\/2025\/11\/689b3910e64be395598221.png.webp\" alt=\"\" class=\"wp-image-6664\" srcset=\"https:\/\/citiz-on.com\/wp-content\/uploads\/2025\/11\/689b3910e64be395598221.png.webp 700w, https:\/\/citiz-on.com\/wp-content\/uploads\/2025\/11\/689b3910e64be395598221.png-300x132.webp 300w, https:\/\/citiz-on.com\/wp-content\/uploads\/2025\/11\/689b3910e64be395598221.png-100x44.webp 100w, https:\/\/citiz-on.com\/wp-content\/uploads\/2025\/11\/689b3910e64be395598221.png-18x8.webp 18w\" sizes=\"auto, (max-width: 700px) 100vw, 700px\" \/><\/a><\/figure>\n<\/div>\n\n\n\n<div class=\"wp-block-column is-layout-flow wp-block-column-is-layout-flow\">\n<figure class=\"wp-block-image size-full\"><a href=\"https:\/\/app.citiz-on.com\/fr\/6833-circuits-liste\"><img loading=\"lazy\" decoding=\"async\" width=\"700\" height=\"308\" src=\"http:\/\/citiz-on.com\/wp-content\/uploads\/2025\/11\/689b39112c1b1506541890.png.webp\" alt=\"\" class=\"wp-image-6665\" srcset=\"https:\/\/citiz-on.com\/wp-content\/uploads\/2025\/11\/689b39112c1b1506541890.png.webp 700w, https:\/\/citiz-on.com\/wp-content\/uploads\/2025\/11\/689b39112c1b1506541890.png-300x132.webp 300w, https:\/\/citiz-on.com\/wp-content\/uploads\/2025\/11\/689b39112c1b1506541890.png-100x44.webp 100w, https:\/\/citiz-on.com\/wp-content\/uploads\/2025\/11\/689b39112c1b1506541890.png-18x8.webp 18w\" sizes=\"auto, (max-width: 700px) 100vw, 700px\" \/><\/a><\/figure>\n<\/div>\n\n\n\n<div class=\"wp-block-column is-layout-flow wp-block-column-is-layout-flow\">\n<figure class=\"wp-block-image size-full\"><a href=\"https:\/\/app.citiz-on.com\/fr\/6833-circuits-liste\"><img loading=\"lazy\" decoding=\"async\" width=\"700\" height=\"308\" src=\"http:\/\/citiz-on.com\/wp-content\/uploads\/2025\/11\/689b391145d73053155915.png.webp\" alt=\"\" class=\"wp-image-6668\" srcset=\"https:\/\/citiz-on.com\/wp-content\/uploads\/2025\/11\/689b391145d73053155915.png.webp 700w, https:\/\/citiz-on.com\/wp-content\/uploads\/2025\/11\/689b391145d73053155915.png-300x132.webp 300w, https:\/\/citiz-on.com\/wp-content\/uploads\/2025\/11\/689b391145d73053155915.png-100x44.webp 100w, https:\/\/citiz-on.com\/wp-content\/uploads\/2025\/11\/689b391145d73053155915.png-18x8.webp 18w\" sizes=\"auto, (max-width: 700px) 100vw, 700px\" \/><\/a><\/figure>\n<\/div>\n<\/div>\n\n\n\n<div class=\"wp-block-columns is-layout-flex wp-container-core-columns-is-layout-9d6595d7 wp-block-columns-is-layout-flex\">\n<div class=\"wp-block-column is-layout-flow wp-block-column-is-layout-flow\">\n<figure class=\"wp-block-image size-full\"><a href=\"https:\/\/app.citiz-on.com\/fr\/6833-circuits-liste\"><img loading=\"lazy\" decoding=\"async\" width=\"700\" height=\"308\" src=\"http:\/\/citiz-on.com\/wp-content\/uploads\/2025\/11\/689b39115ed87888844844.png.webp\" alt=\"\" class=\"wp-image-6669\" srcset=\"https:\/\/citiz-on.com\/wp-content\/uploads\/2025\/11\/689b39115ed87888844844.png.webp 700w, https:\/\/citiz-on.com\/wp-content\/uploads\/2025\/11\/689b39115ed87888844844.png-300x132.webp 300w, https:\/\/citiz-on.com\/wp-content\/uploads\/2025\/11\/689b39115ed87888844844.png-100x44.webp 100w, https:\/\/citiz-on.com\/wp-content\/uploads\/2025\/11\/689b39115ed87888844844.png-18x8.webp 18w\" sizes=\"auto, (max-width: 700px) 100vw, 700px\" \/><\/a><\/figure>\n<\/div>\n\n\n\n<div class=\"wp-block-column is-layout-flow wp-block-column-is-layout-flow\">\n<figure class=\"wp-block-image size-full\"><a href=\"https:\/\/app.citiz-on.com\/fr\/6833-circuits-liste\"><img loading=\"lazy\" decoding=\"async\" width=\"700\" height=\"308\" src=\"http:\/\/citiz-on.com\/wp-content\/uploads\/2025\/11\/689b391172ebb821298471.png.webp\" alt=\"\" class=\"wp-image-6671\" srcset=\"https:\/\/citiz-on.com\/wp-content\/uploads\/2025\/11\/689b391172ebb821298471.png.webp 700w, https:\/\/citiz-on.com\/wp-content\/uploads\/2025\/11\/689b391172ebb821298471.png-300x132.webp 300w, https:\/\/citiz-on.com\/wp-content\/uploads\/2025\/11\/689b391172ebb821298471.png-100x44.webp 100w, https:\/\/citiz-on.com\/wp-content\/uploads\/2025\/11\/689b391172ebb821298471.png-18x8.webp 18w\" sizes=\"auto, (max-width: 700px) 100vw, 700px\" \/><\/a><\/figure>\n<\/div>\n\n\n\n<div class=\"wp-block-column is-layout-flow wp-block-column-is-layout-flow\">\n<figure class=\"wp-block-image size-full\"><a href=\"https:\/\/app.citiz-on.com\/fr\/6833-circuits-liste\"><img loading=\"lazy\" decoding=\"async\" width=\"700\" height=\"308\" src=\"http:\/\/citiz-on.com\/wp-content\/uploads\/2025\/11\/689b391184e6d281934484.png.webp\" alt=\"\" class=\"wp-image-6672\" srcset=\"https:\/\/citiz-on.com\/wp-content\/uploads\/2025\/11\/689b391184e6d281934484.png.webp 700w, https:\/\/citiz-on.com\/wp-content\/uploads\/2025\/11\/689b391184e6d281934484.png-300x132.webp 300w, https:\/\/citiz-on.com\/wp-content\/uploads\/2025\/11\/689b391184e6d281934484.png-100x44.webp 100w, https:\/\/citiz-on.com\/wp-content\/uploads\/2025\/11\/689b391184e6d281934484.png-18x8.webp 18w\" sizes=\"auto, (max-width: 700px) 100vw, 700px\" \/><\/a><\/figure>\n<\/div>\n<\/div>\n\n\n\n<div class=\"wp-block-columns is-layout-flex wp-container-core-columns-is-layout-9d6595d7 wp-block-columns-is-layout-flex\">\n<div class=\"wp-block-column is-layout-flow wp-block-column-is-layout-flow\">\n<figure class=\"wp-block-image size-full\"><a href=\"https:\/\/app.citiz-on.com\/fr\/6833-circuits-liste\"><img loading=\"lazy\" decoding=\"async\" width=\"700\" height=\"308\" src=\"http:\/\/citiz-on.com\/wp-content\/uploads\/2025\/11\/689b3911b7467657653518.png.webp\" alt=\"\" class=\"wp-image-6675\" srcset=\"https:\/\/citiz-on.com\/wp-content\/uploads\/2025\/11\/689b3911b7467657653518.png.webp 700w, https:\/\/citiz-on.com\/wp-content\/uploads\/2025\/11\/689b3911b7467657653518.png-300x132.webp 300w, https:\/\/citiz-on.com\/wp-content\/uploads\/2025\/11\/689b3911b7467657653518.png-100x44.webp 100w, https:\/\/citiz-on.com\/wp-content\/uploads\/2025\/11\/689b3911b7467657653518.png-18x8.webp 18w\" sizes=\"auto, (max-width: 700px) 100vw, 700px\" \/><\/a><\/figure>\n<\/div>\n\n\n\n<div class=\"wp-block-column is-layout-flow wp-block-column-is-layout-flow\">\n<figure class=\"wp-block-image size-full\"><a href=\"https:\/\/app.citiz-on.com\/fr\/6833-circuits-liste\"><img loading=\"lazy\" decoding=\"async\" width=\"700\" height=\"308\" src=\"http:\/\/citiz-on.com\/wp-content\/uploads\/2025\/11\/689b391211d31841541165.png.webp\" alt=\"\" class=\"wp-image-6662\" srcset=\"https:\/\/citiz-on.com\/wp-content\/uploads\/2025\/11\/689b391211d31841541165.png.webp 700w, https:\/\/citiz-on.com\/wp-content\/uploads\/2025\/11\/689b391211d31841541165.png-300x132.webp 300w, https:\/\/citiz-on.com\/wp-content\/uploads\/2025\/11\/689b391211d31841541165.png-100x44.webp 100w, https:\/\/citiz-on.com\/wp-content\/uploads\/2025\/11\/689b391211d31841541165.png-18x8.webp 18w\" sizes=\"auto, (max-width: 700px) 100vw, 700px\" \/><\/a><\/figure>\n<\/div>\n\n\n\n<div class=\"wp-block-column is-layout-flow wp-block-column-is-layout-flow\">\n<figure class=\"wp-block-image size-full\"><a href=\"https:\/\/app.citiz-on.com\/fr\/6833-circuits-liste\"><img loading=\"lazy\" decoding=\"async\" width=\"700\" height=\"308\" src=\"http:\/\/citiz-on.com\/wp-content\/uploads\/2025\/11\/689b3911ef7b7043301508.png.webp\" alt=\"\" class=\"wp-image-6660\" srcset=\"https:\/\/citiz-on.com\/wp-content\/uploads\/2025\/11\/689b3911ef7b7043301508.png.webp 700w, https:\/\/citiz-on.com\/wp-content\/uploads\/2025\/11\/689b3911ef7b7043301508.png-300x132.webp 300w, https:\/\/citiz-on.com\/wp-content\/uploads\/2025\/11\/689b3911ef7b7043301508.png-100x44.webp 100w, https:\/\/citiz-on.com\/wp-content\/uploads\/2025\/11\/689b3911ef7b7043301508.png-18x8.webp 18w\" sizes=\"auto, (max-width: 700px) 100vw, 700px\" \/><\/a><\/figure>\n<\/div>\n<\/div>\n\n\n\n<div class=\"wp-block-columns is-layout-flex wp-container-core-columns-is-layout-9d6595d7 wp-block-columns-is-layout-flex\">\n<div class=\"wp-block-column is-layout-flow wp-block-column-is-layout-flow\">\n<figure class=\"wp-block-image size-full\"><a href=\"https:\/\/app.citiz-on.com\/fr\/6833-circuits-liste\"><img loading=\"lazy\" decoding=\"async\" width=\"700\" height=\"308\" src=\"http:\/\/citiz-on.com\/wp-content\/uploads\/2025\/11\/689b39119becf741865340.png.webp\" alt=\"\" class=\"wp-image-6659\" srcset=\"https:\/\/citiz-on.com\/wp-content\/uploads\/2025\/11\/689b39119becf741865340.png.webp 700w, https:\/\/citiz-on.com\/wp-content\/uploads\/2025\/11\/689b39119becf741865340.png-300x132.webp 300w, https:\/\/citiz-on.com\/wp-content\/uploads\/2025\/11\/689b39119becf741865340.png-100x44.webp 100w, https:\/\/citiz-on.com\/wp-content\/uploads\/2025\/11\/689b39119becf741865340.png-18x8.webp 18w\" sizes=\"auto, (max-width: 700px) 100vw, 700px\" \/><\/a><\/figure>\n<\/div>\n\n\n\n<div class=\"wp-block-column is-layout-flow wp-block-column-is-layout-flow\">\n<figure class=\"wp-block-image size-full\"><a href=\"https:\/\/app.citiz-on.com\/fr\/6833-circuits-liste\"><img loading=\"lazy\" decoding=\"async\" width=\"700\" height=\"308\" src=\"http:\/\/citiz-on.com\/wp-content\/uploads\/2025\/11\/689b3911d1b9e089340759.png.webp\" alt=\"\" class=\"wp-image-6661\" srcset=\"https:\/\/citiz-on.com\/wp-content\/uploads\/2025\/11\/689b3911d1b9e089340759.png.webp 700w, https:\/\/citiz-on.com\/wp-content\/uploads\/2025\/11\/689b3911d1b9e089340759.png-300x132.webp 300w, https:\/\/citiz-on.com\/wp-content\/uploads\/2025\/11\/689b3911d1b9e089340759.png-100x44.webp 100w, https:\/\/citiz-on.com\/wp-content\/uploads\/2025\/11\/689b3911d1b9e089340759.png-18x8.webp 18w\" sizes=\"auto, (max-width: 700px) 100vw, 700px\" \/><\/a><\/figure>\n<\/div>\n\n\n\n<div class=\"wp-block-column is-layout-flow wp-block-column-is-layout-flow\">\n<figure class=\"wp-block-image size-full\"><a href=\"https:\/\/app.citiz-on.com\/fr\/6833-circuits-liste\"><img loading=\"lazy\" decoding=\"async\" width=\"700\" height=\"308\" src=\"http:\/\/citiz-on.com\/wp-content\/uploads\/2025\/11\/689b39123d64e297259358.png.webp\" alt=\"\" class=\"wp-image-6667\" srcset=\"https:\/\/citiz-on.com\/wp-content\/uploads\/2025\/11\/689b39123d64e297259358.png.webp 700w, https:\/\/citiz-on.com\/wp-content\/uploads\/2025\/11\/689b39123d64e297259358.png-300x132.webp 300w, https:\/\/citiz-on.com\/wp-content\/uploads\/2025\/11\/689b39123d64e297259358.png-100x44.webp 100w, https:\/\/citiz-on.com\/wp-content\/uploads\/2025\/11\/689b39123d64e297259358.png-18x8.webp 18w\" sizes=\"auto, (max-width: 700px) 100vw, 700px\" \/><\/a><\/figure>\n<\/div>\n<\/div>\n\n\n\n<div class=\"wp-block-columns is-layout-flex wp-container-core-columns-is-layout-9d6595d7 wp-block-columns-is-layout-flex\">\n<div class=\"wp-block-column is-layout-flow wp-block-column-is-layout-flow\">\n<figure class=\"wp-block-image size-full\"><a href=\"https:\/\/app.citiz-on.com\/fr\/6833-circuits-liste\"><img loading=\"lazy\" decoding=\"async\" width=\"700\" height=\"308\" src=\"http:\/\/citiz-on.com\/wp-content\/uploads\/2025\/11\/689b391228100933327361.png.webp\" alt=\"\" class=\"wp-image-6666\" srcset=\"https:\/\/citiz-on.com\/wp-content\/uploads\/2025\/11\/689b391228100933327361.png.webp 700w, https:\/\/citiz-on.com\/wp-content\/uploads\/2025\/11\/689b391228100933327361.png-300x132.webp 300w, https:\/\/citiz-on.com\/wp-content\/uploads\/2025\/11\/689b391228100933327361.png-100x44.webp 100w, https:\/\/citiz-on.com\/wp-content\/uploads\/2025\/11\/689b391228100933327361.png-18x8.webp 18w\" sizes=\"auto, (max-width: 700px) 100vw, 700px\" \/><\/a><\/figure>\n<\/div>\n\n\n\n<div class=\"wp-block-column is-layout-flow wp-block-column-is-layout-flow\"><\/div>\n\n\n\n<div class=\"wp-block-column is-layout-flow wp-block-column-is-layout-flow\"><\/div>\n<\/div>\n\n\n\n<div class=\"wp-block-columns is-layout-flex wp-container-core-columns-is-layout-9d6595d7 wp-block-columns-is-layout-flex\">\n<div class=\"wp-block-column is-layout-flow wp-block-column-is-layout-flow\">\n<figure class=\"wp-block-image size-full\"><a href=\"https:\/\/app.citiz-on.com\/fr\/6833-circuits-liste\"><img loading=\"lazy\" decoding=\"async\" width=\"700\" height=\"308\" src=\"http:\/\/citiz-on.com\/wp-content\/uploads\/2025\/11\/6857029403403722908442.png.webp\" alt=\"\" class=\"wp-image-6693\" srcset=\"https:\/\/citiz-on.com\/wp-content\/uploads\/2025\/11\/6857029403403722908442.png.webp 700w, https:\/\/citiz-on.com\/wp-content\/uploads\/2025\/11\/6857029403403722908442.png-300x132.webp 300w, https:\/\/citiz-on.com\/wp-content\/uploads\/2025\/11\/6857029403403722908442.png-100x44.webp 100w, https:\/\/citiz-on.com\/wp-content\/uploads\/2025\/11\/6857029403403722908442.png-18x8.webp 18w\" sizes=\"auto, (max-width: 700px) 100vw, 700px\" \/><\/a><\/figure>\n<\/div>\n\n\n\n<div class=\"wp-block-column is-layout-flow wp-block-column-is-layout-flow\">\n<figure class=\"wp-block-image size-full\"><a href=\"https:\/\/app.citiz-on.com\/fr\/6833-circuits-liste\"><img loading=\"lazy\" decoding=\"async\" width=\"700\" height=\"308\" src=\"http:\/\/citiz-on.com\/wp-content\/uploads\/2025\/11\/689db51f1426a895594108.png-1.webp\" alt=\"\" class=\"wp-image-6692\" srcset=\"https:\/\/citiz-on.com\/wp-content\/uploads\/2025\/11\/689db51f1426a895594108.png-1.webp 700w, https:\/\/citiz-on.com\/wp-content\/uploads\/2025\/11\/689db51f1426a895594108.png-1-300x132.webp 300w, https:\/\/citiz-on.com\/wp-content\/uploads\/2025\/11\/689db51f1426a895594108.png-1-100x44.webp 100w, https:\/\/citiz-on.com\/wp-content\/uploads\/2025\/11\/689db51f1426a895594108.png-1-18x8.webp 18w\" sizes=\"auto, (max-width: 700px) 100vw, 700px\" \/><\/a><\/figure>\n<\/div>\n\n\n\n<div class=\"wp-block-column is-layout-flow wp-block-column-is-layout-flow\"><\/div>\n<\/div>\n\n\n\n<p>In Rabat, you explore the Kasbah of the Oudayas, the Andalusian Gardens, the banks of the Bouregreg, the Protectorate\u2019s administrative quarters, the modernist districts, and the archaeological sites that reveal more than ten centuries of urban transformations. In Sal\u00e9, the medina unfolds in all its complexity: monumental gates, scholarly traditions, religious lineages, political resistance, corsair memory, sanctuaries, and popular spaces where spirituality, craftsmanship, and daily life intersect. The audio guide restores narratives rarely offered to visitors, drawn from archives and historical research. <a href=\"https:\/\/app.citiz-on.com\/fr\/7286-accueil\">other cities across the kingdom.<\/a>. In Rabat, you explore the Kasbah of the Oudayas, the Andalusian Gardens, the banks of the Bouregreg, the Protectorate\u2019s administrative quarters, the modernist districts, and the archaeological sites that reveal more than ten centuries of urban transformations. In Sal\u00e9, the medina unfolds in all its complexity: monumental gates, scholarly traditions, religious lineages, political resistance, corsair memory, sanctuaries, and popular spaces where spirituality, craftsmanship, and daily life intersect. The audio guide restores narratives rarely offered to visitors, drawn from archives and historical research.<\/p>\n\n\n\n<p>In Azemmour, the city reveals a singular heritage: a compact medina perched on its cliff, a powerful relationship with the Oum Er-Rbia River, sixteenth-century Portuguese bastions, local legends, ancient zaou\u00efas, and an essential Jewish heritage. Each stop sheds light on Mediterranean circulations, community coexistence, and the evolution of an old port now oriented more toward memory than commerce.<\/p>\n\n\n\n<p>In Mohammedia, CitizOn helps you understand a city shaped by industry, port activity, railways, and modern urban planning. Parks, beaches, sports infrastructures, twentieth-century hotels, traces of the first seaside resorts, and the strategic role of the coastline together form a unique urban narrative, often absent from traditional tourist circuits.<\/p>\n\n\n\n<p>Each route is built on a simple structure: an interactive map, a clear narrative thread, a rigorous selection of sites, precise writing grounded in historical research, and a sound experience that allows you to move freely. You choose the time, the duration, the pace, the pauses, the detours. CitizOn does not replace walking; it makes it legible. It does not replace personal experience; it frames it. It does not offer a standardized visit, but a living exploration suited to curious minds, solo travelers, families, students, and residents eager to rediscover their own city.<\/p>\n\n\n\n<p>The goal is twofold: to offer the widest public reliable and accessible access to Moroccan heritage, and to give cities a renewed way of telling their own story. In a context where heritage preservation and territorial attractiveness are becoming key levers of development, CitizOn proposes a complementary approach\u2014digital, autonomous, precise, and respectful of place.<\/p>","protected":false},"excerpt":{"rendered":"<p>D\u00e9couvrir une ville demande du temps, du regard et de la pr\u00e9cision. Entre les monuments visibles et les traces plus discr\u00e8tes, entre les r\u00e9cits officiels et les histoires locales, chaque territoire du Maroc porte une m\u00e9moire dense, parfois m\u00e9connue, souvent sous-estim\u00e9e. CitizOn s\u2019est construit autour d\u2019une id\u00e9e simple : permettre \u00e0 chacun d\u2019explorer les villes marocaines au rythme qui lui convient, sans contrainte d\u2019horaire, sans groupe impos\u00e9, et sans d\u00e9pendre d\u2019un guide physique. L\u2019audioguide vous accompagne pas \u00e0 pas, dans une immersion continue, de mani\u00e8re autonome, accessible et exigeante. Apr\u00e8s [&hellip;]<\/p>\n","protected":false},"author":1,"featured_media":0,"parent":0,"menu_order":0,"comment_status":"closed","ping_status":"closed","template":"","meta":{"_price":"","_stock":"","_tribe_ticket_header":"","_tribe_default_ticket_provider":"","_tribe_ticket_capacity":"0","_ticket_start_date":"","_ticket_end_date":"","_tribe_ticket_show_description":"","_tribe_ticket_show_not_going":false,"_tribe_ticket_use_global_stock":"","_tribe_ticket_global_stock_level":"","_global_stock_mode":"","_global_stock_cap":"","_tribe_rsvp_for_event":"","_tribe_ticket_going_count":"","_tribe_ticket_not_going_count":"","_tribe_tickets_list":"[]","_tribe_ticket_has_attendee_info_fields":false,"footnotes":"","_tec_slr_enabled":"","_tec_slr_layout":""},"class_list":["post-6657","page","type-page","status-publish","hentry"],"ticketed":false,"_links":{"self":[{"href":"https:\/\/citiz-on.com\/en\/wp-json\/wp\/v2\/pages\/6657","targetHints":{"allow":["GET"]}}],"collection":[{"href":"https:\/\/citiz-on.com\/en\/wp-json\/wp\/v2\/pages"}],"about":[{"href":"https:\/\/citiz-on.com\/en\/wp-json\/wp\/v2\/types\/page"}],"author":[{"embeddable":true,"href":"https:\/\/citiz-on.com\/en\/wp-json\/wp\/v2\/users\/1"}],"replies":[{"embeddable":true,"href":"https:\/\/citiz-on.com\/en\/wp-json\/wp\/v2\/comments?post=6657"}],"version-history":[{"count":8,"href":"https:\/\/citiz-on.com\/en\/wp-json\/wp\/v2\/pages\/6657\/revisions"}],"predecessor-version":[{"id":6694,"href":"https:\/\/citiz-on.com\/en\/wp-json\/wp\/v2\/pages\/6657\/revisions\/6694"}],"wp:attachment":[{"href":"https:\/\/citiz-on.com\/en\/wp-json\/wp\/v2\/media?parent=6657"}],"curies":[{"name":"wp","href":"https:\/\/api.w.org\/{rel}","templated":true}]}}